{"id":3805,"date":"2022-03-29T12:12:29","date_gmt":"2022-03-29T10:12:29","guid":{"rendered":"https:\/\/www.plastform.hr\/product\/tip-p-1r-s-bocnim-otvorima-rupama\/"},"modified":"2022-07-21T12:33:12","modified_gmt":"2022-07-21T10:33:12","slug":"typ-p-1r-mit-seitlichen-oeffnungen-loechern","status":"publish","type":"product","link":"https:\/\/www.plastform.hr\/de\/produkt\/typ-p-1r-mit-seitlichen-oeffnungen-loechern\/","title":{"rendered":"TYP P-1R (MIT SEITLICHEN \u00d6FFNUNGEN\/L\u00d6CHERN)"},"content":{"rendered":"","protected":false},"excerpt":{"rendered":"<p>Alle Boxen k\u00f6nnen in kleinen und gro\u00dfen Mengen gekauft werden, und &#8230; <\/p>\n","protected":false},"featured_media":2343,"template":"","meta":[],"product_cat":[133],"product_tag":[],"class_list":["post-3805","product","type-product","status-publish","has-post-thumbnail","hentry","product_cat-fischkisten"],"acf":[],"yoast_head":"<!-- This site is optimized with the Yoast SEO plugin v20.11 - https:\/\/yoast.com\/wordpress\/plugins\/seo\/ -->\n<title>TYP P-1R (MIT SEITLICHEN \u00d6FFNUNGEN\/L\u00d6CHERN) - PLASTFORM d.o.o.<\/title>\n<meta name=\"robots\" content=\"index, follow, max-snippet:-1, max-image-preview:large, max-video-preview:-1\" \/>\n<link rel=\"canonical\" href=\"https:\/\/www.plastform.hr\/de\/produkt\/typ-p-1r-mit-seitlichen-oeffnungen-loechern\/\" \/>\n<meta property=\"og:locale\" content=\"de_DE\" \/>\n<meta property=\"og:type\" content=\"article\" \/>\n<meta property=\"og:title\" content=\"TYP P-1R (MIT SEITLICHEN \u00d6FFNUNGEN\/L\u00d6CHERN) - PLASTFORM d.o.o.\" \/>\n<meta property=\"og:description\" content=\"Alle Boxen k\u00f6nnen in kleinen und gro\u00dfen Mengen gekauft werden, und ...\" \/>\n<meta property=\"og:url\" content=\"https:\/\/www.plastform.hr\/de\/produkt\/typ-p-1r-mit-seitlichen-oeffnungen-loechern\/\" \/>\n<meta property=\"og:site_name\" content=\"PLASTFORM d.o.o.\" \/>\n<meta property=\"article:publisher\" content=\"https:\/\/www.facebook.com\/plastform.hr\/\" \/>\n<meta property=\"article:modified_time\" content=\"2022-07-21T10:33:12+00:00\" \/>\n<meta property=\"og:image\" content=\"https:\/\/www.plastform.hr\/wp-content\/uploads\/2022\/03\/tip_p1r_103023.png\" \/>\n\t<meta property=\"og:image:width\" content=\"282\" \/>\n\t<meta property=\"og:image:height\" content=\"206\" \/>\n\t<meta property=\"og:image:type\" content=\"image\/png\" \/>\n<meta name=\"twitter:card\" content=\"summary_large_image\" \/>\n<script type=\"application\/ld+json\" class=\"yoast-schema-graph\">{\"@context\":\"https:\/\/schema.org\",\"@graph\":[{\"@type\":\"WebPage\",\"@id\":\"https:\/\/www.plastform.hr\/de\/produkt\/typ-p-1r-mit-seitlichen-oeffnungen-loechern\/\",\"url\":\"https:\/\/www.plastform.hr\/de\/produkt\/typ-p-1r-mit-seitlichen-oeffnungen-loechern\/\",\"name\":\"TYP P-1R (MIT SEITLICHEN \u00d6FFNUNGEN\/L\u00d6CHERN) - PLASTFORM d.o.o.\",\"isPartOf\":{\"@id\":\"https:\/\/www.plastform.hr\/de\/#website\"},\"datePublished\":\"2022-03-29T10:12:29+00:00\",\"dateModified\":\"2022-07-21T10:33:12+00:00\",\"breadcrumb\":{\"@id\":\"https:\/\/www.plastform.hr\/de\/produkt\/typ-p-1r-mit-seitlichen-oeffnungen-loechern\/#breadcrumb\"},\"inLanguage\":\"de\",\"potentialAction\":[{\"@type\":\"ReadAction\",\"target\":[\"https:\/\/www.plastform.hr\/de\/produkt\/typ-p-1r-mit-seitlichen-oeffnungen-loechern\/\"]}]},{\"@type\":\"BreadcrumbList\",\"@id\":\"https:\/\/www.plastform.hr\/de\/produkt\/typ-p-1r-mit-seitlichen-oeffnungen-loechern\/#breadcrumb\",\"itemListElement\":[{\"@type\":\"ListItem\",\"position\":1,\"name\":\"Po\u010detna stranica\",\"item\":\"https:\/\/www.plastform.hr\/de\/\"},{\"@type\":\"ListItem\",\"position\":2,\"name\":\"Products\",\"item\":\"https:\/\/www.plastform.hr\/de\/shop\/\"},{\"@type\":\"ListItem\",\"position\":3,\"name\":\"TYP P-1R (MIT SEITLICHEN \u00d6FFNUNGEN\/L\u00d6CHERN)\"}]},{\"@type\":\"WebSite\",\"@id\":\"https:\/\/www.plastform.hr\/de\/#website\",\"url\":\"https:\/\/www.plastform.hr\/de\/\",\"name\":\"PLASTFORM d.o.o.\",\"description\":\"Poduze\u0107e za preradu plasti\u010dnih masa, vanjsku i unutarnju trgovinu i zastupanje stranih tvrtki\",\"publisher\":{\"@id\":\"https:\/\/www.plastform.hr\/de\/#organization\"},\"potentialAction\":[{\"@type\":\"SearchAction\",\"target\":{\"@type\":\"EntryPoint\",\"urlTemplate\":\"https:\/\/www.plastform.hr\/de\/?s={search_term_string}\"},\"query-input\":\"required name=search_term_string\"}],\"inLanguage\":\"de\"},{\"@type\":\"Organization\",\"@id\":\"https:\/\/www.plastform.hr\/de\/#organization\",\"name\":\"PLASTFORM d.o.o.\",\"url\":\"https:\/\/www.plastform.hr\/de\/\",\"logo\":{\"@type\":\"ImageObject\",\"inLanguage\":\"de\",\"@id\":\"https:\/\/www.plastform.hr\/de\/#\/schema\/logo\/image\/\",\"url\":\"https:\/\/www.plastform.hr\/wp-content\/uploads\/2022\/02\/plastform-logo-png.png\",\"contentUrl\":\"https:\/\/www.plastform.hr\/wp-content\/uploads\/2022\/02\/plastform-logo-png.png\",\"width\":427,\"height\":76,\"caption\":\"PLASTFORM d.o.o.\"},\"image\":{\"@id\":\"https:\/\/www.plastform.hr\/de\/#\/schema\/logo\/image\/\"},\"sameAs\":[\"https:\/\/www.facebook.com\/plastform.hr\/\",\"https:\/\/www.instagram.com\/plastform_doo\/\",\"https:\/\/www.linkedin.com\/company\/plastform-d-o-o\"]}]}<\/script>\n<!-- \/ Yoast SEO plugin. -->","yoast_head_json":{"title":"TYP P-1R (MIT SEITLICHEN \u00d6FFNUNGEN\/L\u00d6CHERN) - PLASTFORM d.o.o.","robots":{"index":"index","follow":"follow","max-snippet":"max-snippet:-1","max-image-preview":"max-image-preview:large","max-video-preview":"max-video-preview:-1"},"canonical":"https:\/\/www.plastform.hr\/de\/produkt\/typ-p-1r-mit-seitlichen-oeffnungen-loechern\/","og_locale":"de_DE","og_type":"article","og_title":"TYP P-1R (MIT SEITLICHEN \u00d6FFNUNGEN\/L\u00d6CHERN) - PLASTFORM d.o.o.","og_description":"Alle Boxen k\u00f6nnen in kleinen und gro\u00dfen Mengen gekauft werden, und ...","og_url":"https:\/\/www.plastform.hr\/de\/produkt\/typ-p-1r-mit-seitlichen-oeffnungen-loechern\/","og_site_name":"PLASTFORM d.o.o.","article_publisher":"https:\/\/www.facebook.com\/plastform.hr\/","article_modified_time":"2022-07-21T10:33:12+00:00","og_image":[{"width":282,"height":206,"url":"https:\/\/www.plastform.hr\/wp-content\/uploads\/2022\/03\/tip_p1r_103023.png","type":"image\/png"}],"twitter_card":"summary_large_image","schema":{"@context":"https:\/\/schema.org","@graph":[{"@type":"WebPage","@id":"https:\/\/www.plastform.hr\/de\/produkt\/typ-p-1r-mit-seitlichen-oeffnungen-loechern\/","url":"https:\/\/www.plastform.hr\/de\/produkt\/typ-p-1r-mit-seitlichen-oeffnungen-loechern\/","name":"TYP P-1R (MIT SEITLICHEN \u00d6FFNUNGEN\/L\u00d6CHERN) - PLASTFORM d.o.o.","isPartOf":{"@id":"https:\/\/www.plastform.hr\/de\/#website"},"datePublished":"2022-03-29T10:12:29+00:00","dateModified":"2022-07-21T10:33:12+00:00","breadcrumb":{"@id":"https:\/\/www.plastform.hr\/de\/produkt\/typ-p-1r-mit-seitlichen-oeffnungen-loechern\/#breadcrumb"},"inLanguage":"de","potentialAction":[{"@type":"ReadAction","target":["https:\/\/www.plastform.hr\/de\/produkt\/typ-p-1r-mit-seitlichen-oeffnungen-loechern\/"]}]},{"@type":"BreadcrumbList","@id":"https:\/\/www.plastform.hr\/de\/produkt\/typ-p-1r-mit-seitlichen-oeffnungen-loechern\/#breadcrumb","itemListElement":[{"@type":"ListItem","position":1,"name":"Po\u010detna stranica","item":"https:\/\/www.plastform.hr\/de\/"},{"@type":"ListItem","position":2,"name":"Products","item":"https:\/\/www.plastform.hr\/de\/shop\/"},{"@type":"ListItem","position":3,"name":"TYP P-1R (MIT SEITLICHEN \u00d6FFNUNGEN\/L\u00d6CHERN)"}]},{"@type":"WebSite","@id":"https:\/\/www.plastform.hr\/de\/#website","url":"https:\/\/www.plastform.hr\/de\/","name":"PLASTFORM d.o.o.","description":"Poduze\u0107e za preradu plasti\u010dnih masa, vanjsku i unutarnju trgovinu i zastupanje stranih tvrtki","publisher":{"@id":"https:\/\/www.plastform.hr\/de\/#organization"},"potentialAction":[{"@type":"SearchAction","target":{"@type":"EntryPoint","urlTemplate":"https:\/\/www.plastform.hr\/de\/?s={search_term_string}"},"query-input":"required name=search_term_string"}],"inLanguage":"de"},{"@type":"Organization","@id":"https:\/\/www.plastform.hr\/de\/#organization","name":"PLASTFORM d.o.o.","url":"https:\/\/www.plastform.hr\/de\/","logo":{"@type":"ImageObject","inLanguage":"de","@id":"https:\/\/www.plastform.hr\/de\/#\/schema\/logo\/image\/","url":"https:\/\/www.plastform.hr\/wp-content\/uploads\/2022\/02\/plastform-logo-png.png","contentUrl":"https:\/\/www.plastform.hr\/wp-content\/uploads\/2022\/02\/plastform-logo-png.png","width":427,"height":76,"caption":"PLASTFORM d.o.o."},"image":{"@id":"https:\/\/www.plastform.hr\/de\/#\/schema\/logo\/image\/"},"sameAs":["https:\/\/www.facebook.com\/plastform.hr\/","https:\/\/www.instagram.com\/plastform_doo\/","https:\/\/www.linkedin.com\/company\/plastform-d-o-o"]}]}},"_links":{"self":[{"href":"https:\/\/www.plastform.hr\/de\/wp-json\/wp\/v2\/product\/3805","targetHints":{"allow":["GET"]}}],"collection":[{"href":"https:\/\/www.plastform.hr\/de\/wp-json\/wp\/v2\/product"}],"about":[{"href":"https:\/\/www.plastform.hr\/de\/wp-json\/wp\/v2\/types\/product"}],"wp:featuredmedia":[{"embeddable":true,"href":"https:\/\/www.plastform.hr\/de\/wp-json\/wp\/v2\/media\/2343"}],"wp:attachment":[{"href":"https:\/\/www.plastform.hr\/de\/wp-json\/wp\/v2\/media?parent=3805"}],"wp:term":[{"taxonomy":"product_cat","embeddable":true,"href":"https:\/\/www.plastform.hr\/de\/wp-json\/wp\/v2\/product_cat?post=3805"},{"taxonomy":"product_tag","embeddable":true,"href":"https:\/\/www.plastform.hr\/de\/wp-json\/wp\/v2\/product_tag?post=3805"}],"curies":[{"name":"wp","href":"https:\/\/api.w.org\/{rel}","templated":true}]}}