{"id":3784,"date":"2022-03-29T11:49:57","date_gmt":"2022-03-29T09:49:57","guid":{"rendered":"https:\/\/www.plastform.hr\/product\/160-rupa\/"},"modified":"2022-07-18T10:20:51","modified_gmt":"2022-07-18T08:20:51","slug":"160-loecher","status":"publish","type":"product","link":"https:\/\/www.plastform.hr\/de\/produkt\/160-loecher\/","title":{"rendered":"160 L\u00d6CHER"},"content":{"rendered":"<p>Die Firma Plastform hat eine breite Palette von Produkten aus Styroporbeh\u00e4ltern f\u00fcr die Aufzucht von Setzlingen mit einer unterschiedlichen Anzahl von Saatpl\u00e4tzen. Beh\u00e4lter mit 160, 170 und 209 L\u00f6chern werden am h\u00e4ufigsten f\u00fcr Setzlinge von Salat, Kohl und Mangold verwendet. Beh\u00e4lter mit 104 L\u00f6chern werden am h\u00e4ufigsten f\u00fcr Kohl, Paprika, Auberginen und Blumen verwendet, w\u00e4hrend Beh\u00e4lter mit 84, 60 und 40 L\u00f6chern f\u00fcr Tomaten, Paprika, Wassermelonen, Melonen und auch f\u00fcr Auberginen und Blumen verwendet werden.<\/p>\n","protected":false},"excerpt":{"rendered":"<p>Ma\u00dfe: 522 x 324 x 50 mm<br \/>\n\u00d6ffnungsma\u00dfe: \u00d8 27,4 \/ 21 &#8230; <\/p>\n","protected":false},"featured_media":2291,"template":"","meta":[],"product_cat":[135],"product_tag":[],"class_list":["post-3784","product","type-product","status-publish","has-post-thumbnail","hentry","product_cat-samlinge"],"acf":[],"yoast_head":"<!-- This site is optimized with the Yoast SEO plugin v20.11 - https:\/\/yoast.com\/wordpress\/plugins\/seo\/ -->\n<title>160 L\u00d6CHER - PLASTFORM d.o.o.<\/title>\n<meta name=\"robots\" content=\"index, follow, max-snippet:-1, max-image-preview:large, max-video-preview:-1\" \/>\n<link rel=\"canonical\" href=\"https:\/\/www.plastform.hr\/de\/produkt\/160-loecher\/\" \/>\n<meta property=\"og:locale\" content=\"de_DE\" \/>\n<meta property=\"og:type\" content=\"article\" \/>\n<meta property=\"og:title\" content=\"160 L\u00d6CHER - PLASTFORM d.o.o.\" \/>\n<meta property=\"og:description\" content=\"Ma\u00dfe: 522 x 324 x 50 mm \u00d6ffnungsma\u00dfe: \u00d8 27,4 \/ 21 ...\" \/>\n<meta property=\"og:url\" content=\"https:\/\/www.plastform.hr\/de\/produkt\/160-loecher\/\" \/>\n<meta property=\"og:site_name\" content=\"PLASTFORM d.o.o.\" \/>\n<meta property=\"article:publisher\" content=\"https:\/\/www.facebook.com\/plastform.hr\/\" \/>\n<meta property=\"article:modified_time\" content=\"2022-07-18T08:20:51+00:00\" \/>\n<meta property=\"og:image\" content=\"https:\/\/www.plastform.hr\/wp-content\/uploads\/2022\/03\/160_132146.png\" \/>\n\t<meta property=\"og:image:width\" content=\"282\" \/>\n\t<meta property=\"og:image:height\" content=\"206\" \/>\n\t<meta property=\"og:image:type\" content=\"image\/png\" \/>\n<meta name=\"twitter:card\" content=\"summary_large_image\" \/>\n<script type=\"application\/ld+json\" class=\"yoast-schema-graph\">{\"@context\":\"https:\/\/schema.org\",\"@graph\":[{\"@type\":\"WebPage\",\"@id\":\"https:\/\/www.plastform.hr\/de\/produkt\/160-loecher\/\",\"url\":\"https:\/\/www.plastform.hr\/de\/produkt\/160-loecher\/\",\"name\":\"160 L\u00d6CHER - PLASTFORM d.o.o.\",\"isPartOf\":{\"@id\":\"https:\/\/www.plastform.hr\/de\/#website\"},\"datePublished\":\"2022-03-29T09:49:57+00:00\",\"dateModified\":\"2022-07-18T08:20:51+00:00\",\"breadcrumb\":{\"@id\":\"https:\/\/www.plastform.hr\/de\/produkt\/160-loecher\/#breadcrumb\"},\"inLanguage\":\"de\",\"potentialAction\":[{\"@type\":\"ReadAction\",\"target\":[\"https:\/\/www.plastform.hr\/de\/produkt\/160-loecher\/\"]}]},{\"@type\":\"BreadcrumbList\",\"@id\":\"https:\/\/www.plastform.hr\/de\/produkt\/160-loecher\/#breadcrumb\",\"itemListElement\":[{\"@type\":\"ListItem\",\"position\":1,\"name\":\"Po\u010detna stranica\",\"item\":\"https:\/\/www.plastform.hr\/de\/\"},{\"@type\":\"ListItem\",\"position\":2,\"name\":\"Products\",\"item\":\"https:\/\/www.plastform.hr\/de\/shop\/\"},{\"@type\":\"ListItem\",\"position\":3,\"name\":\"160 L\u00d6CHER\"}]},{\"@type\":\"WebSite\",\"@id\":\"https:\/\/www.plastform.hr\/de\/#website\",\"url\":\"https:\/\/www.plastform.hr\/de\/\",\"name\":\"PLASTFORM d.o.o.\",\"description\":\"Poduze\u0107e za preradu plasti\u010dnih masa, vanjsku i unutarnju trgovinu i zastupanje stranih tvrtki\",\"publisher\":{\"@id\":\"https:\/\/www.plastform.hr\/de\/#organization\"},\"potentialAction\":[{\"@type\":\"SearchAction\",\"target\":{\"@type\":\"EntryPoint\",\"urlTemplate\":\"https:\/\/www.plastform.hr\/de\/?s={search_term_string}\"},\"query-input\":\"required name=search_term_string\"}],\"inLanguage\":\"de\"},{\"@type\":\"Organization\",\"@id\":\"https:\/\/www.plastform.hr\/de\/#organization\",\"name\":\"PLASTFORM d.o.o.\",\"url\":\"https:\/\/www.plastform.hr\/de\/\",\"logo\":{\"@type\":\"ImageObject\",\"inLanguage\":\"de\",\"@id\":\"https:\/\/www.plastform.hr\/de\/#\/schema\/logo\/image\/\",\"url\":\"https:\/\/www.plastform.hr\/wp-content\/uploads\/2022\/02\/plastform-logo-png.png\",\"contentUrl\":\"https:\/\/www.plastform.hr\/wp-content\/uploads\/2022\/02\/plastform-logo-png.png\",\"width\":427,\"height\":76,\"caption\":\"PLASTFORM d.o.o.\"},\"image\":{\"@id\":\"https:\/\/www.plastform.hr\/de\/#\/schema\/logo\/image\/\"},\"sameAs\":[\"https:\/\/www.facebook.com\/plastform.hr\/\",\"https:\/\/www.instagram.com\/plastform_doo\/\",\"https:\/\/www.linkedin.com\/company\/plastform-d-o-o\"]}]}<\/script>\n<!-- \/ Yoast SEO plugin. -->","yoast_head_json":{"title":"160 L\u00d6CHER - PLASTFORM d.o.o.","robots":{"index":"index","follow":"follow","max-snippet":"max-snippet:-1","max-image-preview":"max-image-preview:large","max-video-preview":"max-video-preview:-1"},"canonical":"https:\/\/www.plastform.hr\/de\/produkt\/160-loecher\/","og_locale":"de_DE","og_type":"article","og_title":"160 L\u00d6CHER - PLASTFORM d.o.o.","og_description":"Ma\u00dfe: 522 x 324 x 50 mm \u00d6ffnungsma\u00dfe: \u00d8 27,4 \/ 21 ...","og_url":"https:\/\/www.plastform.hr\/de\/produkt\/160-loecher\/","og_site_name":"PLASTFORM d.o.o.","article_publisher":"https:\/\/www.facebook.com\/plastform.hr\/","article_modified_time":"2022-07-18T08:20:51+00:00","og_image":[{"width":282,"height":206,"url":"https:\/\/www.plastform.hr\/wp-content\/uploads\/2022\/03\/160_132146.png","type":"image\/png"}],"twitter_card":"summary_large_image","schema":{"@context":"https:\/\/schema.org","@graph":[{"@type":"WebPage","@id":"https:\/\/www.plastform.hr\/de\/produkt\/160-loecher\/","url":"https:\/\/www.plastform.hr\/de\/produkt\/160-loecher\/","name":"160 L\u00d6CHER - PLASTFORM d.o.o.","isPartOf":{"@id":"https:\/\/www.plastform.hr\/de\/#website"},"datePublished":"2022-03-29T09:49:57+00:00","dateModified":"2022-07-18T08:20:51+00:00","breadcrumb":{"@id":"https:\/\/www.plastform.hr\/de\/produkt\/160-loecher\/#breadcrumb"},"inLanguage":"de","potentialAction":[{"@type":"ReadAction","target":["https:\/\/www.plastform.hr\/de\/produkt\/160-loecher\/"]}]},{"@type":"BreadcrumbList","@id":"https:\/\/www.plastform.hr\/de\/produkt\/160-loecher\/#breadcrumb","itemListElement":[{"@type":"ListItem","position":1,"name":"Po\u010detna stranica","item":"https:\/\/www.plastform.hr\/de\/"},{"@type":"ListItem","position":2,"name":"Products","item":"https:\/\/www.plastform.hr\/de\/shop\/"},{"@type":"ListItem","position":3,"name":"160 L\u00d6CHER"}]},{"@type":"WebSite","@id":"https:\/\/www.plastform.hr\/de\/#website","url":"https:\/\/www.plastform.hr\/de\/","name":"PLASTFORM d.o.o.","description":"Poduze\u0107e za preradu plasti\u010dnih masa, vanjsku i unutarnju trgovinu i zastupanje stranih tvrtki","publisher":{"@id":"https:\/\/www.plastform.hr\/de\/#organization"},"potentialAction":[{"@type":"SearchAction","target":{"@type":"EntryPoint","urlTemplate":"https:\/\/www.plastform.hr\/de\/?s={search_term_string}"},"query-input":"required name=search_term_string"}],"inLanguage":"de"},{"@type":"Organization","@id":"https:\/\/www.plastform.hr\/de\/#organization","name":"PLASTFORM d.o.o.","url":"https:\/\/www.plastform.hr\/de\/","logo":{"@type":"ImageObject","inLanguage":"de","@id":"https:\/\/www.plastform.hr\/de\/#\/schema\/logo\/image\/","url":"https:\/\/www.plastform.hr\/wp-content\/uploads\/2022\/02\/plastform-logo-png.png","contentUrl":"https:\/\/www.plastform.hr\/wp-content\/uploads\/2022\/02\/plastform-logo-png.png","width":427,"height":76,"caption":"PLASTFORM d.o.o."},"image":{"@id":"https:\/\/www.plastform.hr\/de\/#\/schema\/logo\/image\/"},"sameAs":["https:\/\/www.facebook.com\/plastform.hr\/","https:\/\/www.instagram.com\/plastform_doo\/","https:\/\/www.linkedin.com\/company\/plastform-d-o-o"]}]}},"_links":{"self":[{"href":"https:\/\/www.plastform.hr\/de\/wp-json\/wp\/v2\/product\/3784","targetHints":{"allow":["GET"]}}],"collection":[{"href":"https:\/\/www.plastform.hr\/de\/wp-json\/wp\/v2\/product"}],"about":[{"href":"https:\/\/www.plastform.hr\/de\/wp-json\/wp\/v2\/types\/product"}],"wp:featuredmedia":[{"embeddable":true,"href":"https:\/\/www.plastform.hr\/de\/wp-json\/wp\/v2\/media\/2291"}],"wp:attachment":[{"href":"https:\/\/www.plastform.hr\/de\/wp-json\/wp\/v2\/media?parent=3784"}],"wp:term":[{"taxonomy":"product_cat","embeddable":true,"href":"https:\/\/www.plastform.hr\/de\/wp-json\/wp\/v2\/product_cat?post=3784"},{"taxonomy":"product_tag","embeddable":true,"href":"https:\/\/www.plastform.hr\/de\/wp-json\/wp\/v2\/product_tag?post=3784"}],"curies":[{"name":"wp","href":"https:\/\/api.w.org\/{rel}","templated":true}]}}