{"id":3759,"date":"2022-03-29T11:32:01","date_gmt":"2022-03-29T09:32:01","guid":{"rendered":"https:\/\/www.plastform.hr\/product\/granule\/"},"modified":"2023-07-20T14:04:56","modified_gmt":"2023-07-20T12:04:56","slug":"granulat","status":"publish","type":"product","link":"https:\/\/www.plastform.hr\/de\/produkt\/granulat\/","title":{"rendered":"Granulat"},"content":{"rendered":"<p>Technische Daten:<\/p>\n<p>&#8211; Granulatgr\u00f6\u00dfe\/Durchmesser: 0,5\u20134,6 mm<br \/>\n&#8211; Sch\u00fcttdichte: 11,0 kg\/m3 \u2013 25,0 kg\/m3<br \/>\n&#8211; Granulat besteht aus: expandiertem Polystyrol (EPS)<\/p>\n","protected":false},"excerpt":{"rendered":"<p><strong>Verwenden:<\/strong><\/p>\n<ul>\n<li>Herstellung von Leichtbeton und M\u00f6rtel<\/li>\n<li>f\u00fcr W\u00e4rmed\u00e4mmspachtel<\/li>\n<li>f\u00fcr M\u00f6belf\u00fcllungen<\/li>\n<\/ul>\n<p> &#8230; <\/p>\n","protected":false},"featured_media":2453,"template":"","meta":[],"product_cat":[130],"product_tag":[],"class_list":["post-3759","product","type-product","status-publish","has-post-thumbnail","hentry","product_cat-styropor-granulat"],"acf":[],"yoast_head":"<!-- This site is optimized with the Yoast SEO plugin v20.11 - https:\/\/yoast.com\/wordpress\/plugins\/seo\/ -->\n<title>Granulat - PLASTFORM d.o.o.<\/title>\n<meta name=\"robots\" content=\"index, follow, max-snippet:-1, max-image-preview:large, max-video-preview:-1\" \/>\n<link rel=\"canonical\" href=\"https:\/\/www.plastform.hr\/de\/produkt\/granulat\/\" \/>\n<meta property=\"og:locale\" content=\"de_DE\" \/>\n<meta property=\"og:type\" content=\"article\" \/>\n<meta property=\"og:title\" content=\"Granulat - PLASTFORM d.o.o.\" \/>\n<meta property=\"og:description\" content=\"Verwenden:   Herstellung von Leichtbeton und M\u00f6rtel  f\u00fcr W\u00e4rmed\u00e4mmspachtel  f\u00fcr M\u00f6belf\u00fcllungen  ...\" \/>\n<meta property=\"og:url\" content=\"https:\/\/www.plastform.hr\/de\/produkt\/granulat\/\" \/>\n<meta property=\"og:site_name\" content=\"PLASTFORM d.o.o.\" \/>\n<meta property=\"article:publisher\" content=\"https:\/\/www.facebook.com\/plastform.hr\/\" \/>\n<meta property=\"article:modified_time\" content=\"2023-07-20T12:04:56+00:00\" \/>\n<meta property=\"og:image\" content=\"https:\/\/www.plastform.hr\/wp-content\/uploads\/2022\/03\/granule_12350.png\" \/>\n\t<meta property=\"og:image:width\" content=\"203\" \/>\n\t<meta property=\"og:image:height\" content=\"157\" \/>\n\t<meta property=\"og:image:type\" content=\"image\/png\" \/>\n<meta name=\"twitter:card\" content=\"summary_large_image\" \/>\n<meta name=\"twitter:label1\" content=\"Gesch\u00e4tzte Lesezeit\" \/>\n\t<meta name=\"twitter:data1\" content=\"1\u00a0Minute\" \/>\n<script type=\"application\/ld+json\" class=\"yoast-schema-graph\">{\"@context\":\"https:\/\/schema.org\",\"@graph\":[{\"@type\":\"WebPage\",\"@id\":\"https:\/\/www.plastform.hr\/de\/produkt\/granulat\/\",\"url\":\"https:\/\/www.plastform.hr\/de\/produkt\/granulat\/\",\"name\":\"Granulat - PLASTFORM d.o.o.\",\"isPartOf\":{\"@id\":\"https:\/\/www.plastform.hr\/de\/#website\"},\"datePublished\":\"2022-03-29T09:32:01+00:00\",\"dateModified\":\"2023-07-20T12:04:56+00:00\",\"breadcrumb\":{\"@id\":\"https:\/\/www.plastform.hr\/de\/produkt\/granulat\/#breadcrumb\"},\"inLanguage\":\"de\",\"potentialAction\":[{\"@type\":\"ReadAction\",\"target\":[\"https:\/\/www.plastform.hr\/de\/produkt\/granulat\/\"]}]},{\"@type\":\"BreadcrumbList\",\"@id\":\"https:\/\/www.plastform.hr\/de\/produkt\/granulat\/#breadcrumb\",\"itemListElement\":[{\"@type\":\"ListItem\",\"position\":1,\"name\":\"Po\u010detna stranica\",\"item\":\"https:\/\/www.plastform.hr\/de\/\"},{\"@type\":\"ListItem\",\"position\":2,\"name\":\"Products\",\"item\":\"https:\/\/www.plastform.hr\/de\/shop\/\"},{\"@type\":\"ListItem\",\"position\":3,\"name\":\"Granulat\"}]},{\"@type\":\"WebSite\",\"@id\":\"https:\/\/www.plastform.hr\/de\/#website\",\"url\":\"https:\/\/www.plastform.hr\/de\/\",\"name\":\"PLASTFORM d.o.o.\",\"description\":\"Poduze\u0107e za preradu plasti\u010dnih masa, vanjsku i unutarnju trgovinu i zastupanje stranih tvrtki\",\"publisher\":{\"@id\":\"https:\/\/www.plastform.hr\/de\/#organization\"},\"potentialAction\":[{\"@type\":\"SearchAction\",\"target\":{\"@type\":\"EntryPoint\",\"urlTemplate\":\"https:\/\/www.plastform.hr\/de\/?s={search_term_string}\"},\"query-input\":\"required name=search_term_string\"}],\"inLanguage\":\"de\"},{\"@type\":\"Organization\",\"@id\":\"https:\/\/www.plastform.hr\/de\/#organization\",\"name\":\"PLASTFORM d.o.o.\",\"url\":\"https:\/\/www.plastform.hr\/de\/\",\"logo\":{\"@type\":\"ImageObject\",\"inLanguage\":\"de\",\"@id\":\"https:\/\/www.plastform.hr\/de\/#\/schema\/logo\/image\/\",\"url\":\"https:\/\/www.plastform.hr\/wp-content\/uploads\/2022\/02\/plastform-logo-png.png\",\"contentUrl\":\"https:\/\/www.plastform.hr\/wp-content\/uploads\/2022\/02\/plastform-logo-png.png\",\"width\":427,\"height\":76,\"caption\":\"PLASTFORM d.o.o.\"},\"image\":{\"@id\":\"https:\/\/www.plastform.hr\/de\/#\/schema\/logo\/image\/\"},\"sameAs\":[\"https:\/\/www.facebook.com\/plastform.hr\/\",\"https:\/\/www.instagram.com\/plastform_doo\/\",\"https:\/\/www.linkedin.com\/company\/plastform-d-o-o\"]}]}<\/script>\n<!-- \/ Yoast SEO plugin. -->","yoast_head_json":{"title":"Granulat - PLASTFORM d.o.o.","robots":{"index":"index","follow":"follow","max-snippet":"max-snippet:-1","max-image-preview":"max-image-preview:large","max-video-preview":"max-video-preview:-1"},"canonical":"https:\/\/www.plastform.hr\/de\/produkt\/granulat\/","og_locale":"de_DE","og_type":"article","og_title":"Granulat - PLASTFORM d.o.o.","og_description":"Verwenden:   Herstellung von Leichtbeton und M\u00f6rtel  f\u00fcr W\u00e4rmed\u00e4mmspachtel  f\u00fcr M\u00f6belf\u00fcllungen  ...","og_url":"https:\/\/www.plastform.hr\/de\/produkt\/granulat\/","og_site_name":"PLASTFORM d.o.o.","article_publisher":"https:\/\/www.facebook.com\/plastform.hr\/","article_modified_time":"2023-07-20T12:04:56+00:00","og_image":[{"width":203,"height":157,"url":"https:\/\/www.plastform.hr\/wp-content\/uploads\/2022\/03\/granule_12350.png","type":"image\/png"}],"twitter_card":"summary_large_image","twitter_misc":{"Gesch\u00e4tzte Lesezeit":"1\u00a0Minute"},"schema":{"@context":"https:\/\/schema.org","@graph":[{"@type":"WebPage","@id":"https:\/\/www.plastform.hr\/de\/produkt\/granulat\/","url":"https:\/\/www.plastform.hr\/de\/produkt\/granulat\/","name":"Granulat - PLASTFORM d.o.o.","isPartOf":{"@id":"https:\/\/www.plastform.hr\/de\/#website"},"datePublished":"2022-03-29T09:32:01+00:00","dateModified":"2023-07-20T12:04:56+00:00","breadcrumb":{"@id":"https:\/\/www.plastform.hr\/de\/produkt\/granulat\/#breadcrumb"},"inLanguage":"de","potentialAction":[{"@type":"ReadAction","target":["https:\/\/www.plastform.hr\/de\/produkt\/granulat\/"]}]},{"@type":"BreadcrumbList","@id":"https:\/\/www.plastform.hr\/de\/produkt\/granulat\/#breadcrumb","itemListElement":[{"@type":"ListItem","position":1,"name":"Po\u010detna stranica","item":"https:\/\/www.plastform.hr\/de\/"},{"@type":"ListItem","position":2,"name":"Products","item":"https:\/\/www.plastform.hr\/de\/shop\/"},{"@type":"ListItem","position":3,"name":"Granulat"}]},{"@type":"WebSite","@id":"https:\/\/www.plastform.hr\/de\/#website","url":"https:\/\/www.plastform.hr\/de\/","name":"PLASTFORM d.o.o.","description":"Poduze\u0107e za preradu plasti\u010dnih masa, vanjsku i unutarnju trgovinu i zastupanje stranih tvrtki","publisher":{"@id":"https:\/\/www.plastform.hr\/de\/#organization"},"potentialAction":[{"@type":"SearchAction","target":{"@type":"EntryPoint","urlTemplate":"https:\/\/www.plastform.hr\/de\/?s={search_term_string}"},"query-input":"required name=search_term_string"}],"inLanguage":"de"},{"@type":"Organization","@id":"https:\/\/www.plastform.hr\/de\/#organization","name":"PLASTFORM d.o.o.","url":"https:\/\/www.plastform.hr\/de\/","logo":{"@type":"ImageObject","inLanguage":"de","@id":"https:\/\/www.plastform.hr\/de\/#\/schema\/logo\/image\/","url":"https:\/\/www.plastform.hr\/wp-content\/uploads\/2022\/02\/plastform-logo-png.png","contentUrl":"https:\/\/www.plastform.hr\/wp-content\/uploads\/2022\/02\/plastform-logo-png.png","width":427,"height":76,"caption":"PLASTFORM d.o.o."},"image":{"@id":"https:\/\/www.plastform.hr\/de\/#\/schema\/logo\/image\/"},"sameAs":["https:\/\/www.facebook.com\/plastform.hr\/","https:\/\/www.instagram.com\/plastform_doo\/","https:\/\/www.linkedin.com\/company\/plastform-d-o-o"]}]}},"_links":{"self":[{"href":"https:\/\/www.plastform.hr\/de\/wp-json\/wp\/v2\/product\/3759","targetHints":{"allow":["GET"]}}],"collection":[{"href":"https:\/\/www.plastform.hr\/de\/wp-json\/wp\/v2\/product"}],"about":[{"href":"https:\/\/www.plastform.hr\/de\/wp-json\/wp\/v2\/types\/product"}],"wp:featuredmedia":[{"embeddable":true,"href":"https:\/\/www.plastform.hr\/de\/wp-json\/wp\/v2\/media\/2453"}],"wp:attachment":[{"href":"https:\/\/www.plastform.hr\/de\/wp-json\/wp\/v2\/media?parent=3759"}],"wp:term":[{"taxonomy":"product_cat","embeddable":true,"href":"https:\/\/www.plastform.hr\/de\/wp-json\/wp\/v2\/product_cat?post=3759"},{"taxonomy":"product_tag","embeddable":true,"href":"https:\/\/www.plastform.hr\/de\/wp-json\/wp\/v2\/product_tag?post=3759"}],"curies":[{"name":"wp","href":"https:\/\/api.w.org\/{rel}","templated":true}]}}