{"id":3739,"date":"2022-03-28T07:19:15","date_gmt":"2022-03-28T05:19:15","guid":{"rendered":"https:\/\/www.plastform.hr\/product\/plastopor-eps-f-035\/"},"modified":"2024-04-05T11:25:03","modified_gmt":"2024-04-05T09:25:03","slug":"plastopor-eps-f-035","status":"publish","type":"product","link":"https:\/\/www.plastform.hr\/de\/produkt\/plastopor-eps-f-035\/","title":{"rendered":"Plastopor EPS F-035"},"content":{"rendered":"<p>&nbsp;<\/p>\n<table>\n<tbody>\n<tr class=\"tbl_head\">\n<td width=\"65\">Dicke (mm)<\/td>\n<td width=\"87\">W\u00e4rmeleitf\u00e4higkeit<\/td>\n<td width=\"86\">Thermal resistance<\/td>\n<td width=\"65\">m2 im paket<\/td>\n<td width=\"64\">Platte im paket<\/td>\n<td width=\"64\">Volumen (m3)<\/td>\n<\/tr>\n<tr>\n<td width=\"65\">10<\/td>\n<td width=\"87\">0,035<\/td>\n<td width=\"86\">0,29<\/td>\n<td width=\"65\">25,00<\/td>\n<td width=\"64\">50<\/td>\n<td>0,250<\/td>\n<\/tr>\n<tr>\n<td width=\"65\">20<\/td>\n<td width=\"87\">0,035<\/td>\n<td width=\"86\">0,57<\/td>\n<td width=\"65\">12,50<\/td>\n<td width=\"64\">25<\/td>\n<td>0,250<\/td>\n<\/tr>\n<tr>\n<td width=\"65\">30<\/td>\n<td width=\"87\">0,035<\/td>\n<td width=\"86\">0,86<\/td>\n<td width=\"65\">8,00<\/td>\n<td>16<\/td>\n<td>0,240<\/td>\n<\/tr>\n<tr>\n<td width=\"65\">40<\/td>\n<td width=\"87\">0,035<\/td>\n<td width=\"86\">1,14<\/td>\n<td width=\"65\">6,00<\/td>\n<td>12<\/td>\n<td>0,240<\/td>\n<\/tr>\n<tr>\n<td width=\"65\">50<\/td>\n<td width=\"87\">0,035<\/td>\n<td width=\"86\">1,43<\/td>\n<td width=\"65\">5,00<\/td>\n<td>10<\/td>\n<td>0,250<\/td>\n<\/tr>\n<tr>\n<td width=\"65\">60<\/td>\n<td width=\"87\">0,035<\/td>\n<td width=\"86\">1,71<\/td>\n<td width=\"65\">4,00<\/td>\n<td>8<\/td>\n<td>0,240<\/td>\n<\/tr>\n<tr>\n<td width=\"65\">70<\/td>\n<td width=\"87\">0,035<\/td>\n<td width=\"86\">2,00<\/td>\n<td width=\"65\">3,50<\/td>\n<td>7<\/td>\n<td>0,245<\/td>\n<\/tr>\n<tr>\n<td width=\"65\">80<\/td>\n<td width=\"87\">0,035<\/td>\n<td width=\"86\">2,29<\/td>\n<td width=\"65\">3,00<\/td>\n<td>6<\/td>\n<td>0,240<\/td>\n<\/tr>\n<tr>\n<td width=\"65\">90<\/td>\n<td width=\"87\">0,035<\/td>\n<td width=\"86\">2,57<\/td>\n<td width=\"65\">2,50<\/td>\n<td>5<\/td>\n<td>0,225<\/td>\n<\/tr>\n<tr>\n<td width=\"65\">100<\/td>\n<td width=\"87\">0,035<\/td>\n<td width=\"86\">2,86<\/td>\n<td width=\"65\">2,50<\/td>\n<td>5<\/td>\n<td>0,250<\/td>\n<\/tr>\n<tr>\n<td width=\"65\">110<\/td>\n<td width=\"87\">0,035<\/td>\n<td width=\"86\">3,14<\/td>\n<td width=\"65\">2,00<\/td>\n<td>4<\/td>\n<td>0,220<\/td>\n<\/tr>\n<tr>\n<td width=\"65\">120<\/td>\n<td width=\"87\">0,035<\/td>\n<td width=\"86\">3,43<\/td>\n<td width=\"65\">2,00<\/td>\n<td>4<\/td>\n<td>0,240<\/td>\n<\/tr>\n<tr>\n<td width=\"65\">130<\/td>\n<td width=\"87\">0,035<\/td>\n<td width=\"86\">3,71<\/td>\n<td width=\"65\">2,00<\/td>\n<td>4<\/td>\n<td>0,260<\/td>\n<\/tr>\n<tr>\n<td width=\"65\">140<\/td>\n<td width=\"87\">0,035<\/td>\n<td width=\"86\">4,00<\/td>\n<td width=\"65\">1,50<\/td>\n<td>3<\/td>\n<td>0,210<\/td>\n<\/tr>\n<tr>\n<td width=\"65\">150<\/td>\n<td width=\"87\">0,035<\/td>\n<td width=\"86\">4,29<\/td>\n<td width=\"65\">1,50<\/td>\n<td>3<\/td>\n<td>0,225<\/td>\n<\/tr>\n<tr>\n<td width=\"65\">160<\/td>\n<td width=\"87\">0,035<\/td>\n<td width=\"86\">4,57<\/td>\n<td width=\"65\">1,50<\/td>\n<td>3<\/td>\n<td>0,240<\/td>\n<\/tr>\n<tr>\n<td width=\"65\">170<\/td>\n<td width=\"87\">0,035<\/td>\n<td width=\"86\">4,86<\/td>\n<td width=\"65\">1,50<\/td>\n<td>3<\/td>\n<td>0,255<\/td>\n<\/tr>\n<tr>\n<td width=\"65\">180<\/td>\n<td width=\"87\">0,035<\/td>\n<td width=\"86\">5,14<\/td>\n<td width=\"65\">1,00<\/td>\n<td>2<\/td>\n<td>0,180<\/td>\n<\/tr>\n<tr>\n<td width=\"65\">190<\/td>\n<td width=\"87\">0,035<\/td>\n<td width=\"86\">5,43<\/td>\n<td width=\"65\">1,00<\/td>\n<td>2<\/td>\n<td>0,190<\/td>\n<\/tr>\n<tr>\n<td width=\"65\">200<\/td>\n<td width=\"87\">0,035<\/td>\n<td width=\"86\">5,71<\/td>\n<td width=\"65\">1,00<\/td>\n<td>2<\/td>\n<td>0,200<\/td>\n<\/tr>\n<tr>\n<td width=\"65\">210<\/td>\n<td width=\"87\">0,035<\/td>\n<td width=\"86\">6,00<\/td>\n<td width=\"65\">1,00<\/td>\n<td>2<\/td>\n<td>0,210<\/td>\n<\/tr>\n<tr>\n<td width=\"65\">220<\/td>\n<td width=\"87\">0,035<\/td>\n<td width=\"86\">6,29<\/td>\n<td width=\"65\">1,00<\/td>\n<td>2<\/td>\n<td>0,220<\/td>\n<\/tr>\n<tr>\n<td width=\"65\">230<\/td>\n<td width=\"87\">0,035<\/td>\n<td width=\"86\">6,57<\/td>\n<td width=\"65\">1,00<\/td>\n<td>2<\/td>\n<td>0,230<\/td>\n<\/tr>\n<tr>\n<td width=\"65\">240<\/td>\n<td width=\"87\">0,035<\/td>\n<td width=\"86\">6,86<\/td>\n<td width=\"65\">1,00<\/td>\n<td>2<\/td>\n<td>0,240<\/td>\n<\/tr>\n<tr>\n<td width=\"65\">250<\/td>\n<td width=\"87\">0,035<\/td>\n<td width=\"86\">7,14<\/td>\n<td width=\"65\">1,00<\/td>\n<td>2<\/td>\n<td>0,250<\/td>\n<\/tr>\n<tr>\n<td width=\"65\">260<\/td>\n<td width=\"87\">0,035<\/td>\n<td width=\"86\">7,43<\/td>\n<td width=\"65\">0,50<\/td>\n<td>1<\/td>\n<td>0,130<\/td>\n<\/tr>\n<tr>\n<td width=\"65\">270<\/td>\n<td width=\"87\">0,035<\/td>\n<td width=\"86\">7,71<\/td>\n<td width=\"65\">0,50<\/td>\n<td>1<\/td>\n<td>0,135<\/td>\n<\/tr>\n<tr>\n<td width=\"65\">280<\/td>\n<td width=\"87\">0,035<\/td>\n<td width=\"86\">8,00<\/td>\n<td width=\"65\">0,50<\/td>\n<td>1<\/td>\n<td>0,140<\/td>\n<\/tr>\n<tr>\n<td width=\"65\">290<\/td>\n<td width=\"87\">0,035<\/td>\n<td width=\"86\">8,29<\/td>\n<td width=\"65\">0,50<\/td>\n<td>1<\/td>\n<td>0,145<\/td>\n<\/tr>\n<tr>\n<td width=\"65\">300<\/td>\n<td width=\"87\">0,035<\/td>\n<td width=\"86\">8,57<\/td>\n<td width=\"65\">0,50<\/td>\n<td>1<\/td>\n<td>0,150<\/td>\n<\/tr>\n<\/tbody>\n<\/table>\n","protected":false},"excerpt":{"rendered":"<p>W\u00e4rmeleitf\u00e4higkeitskoeffizient \u03bbd: 0,035 W\/mK<\/p>\n<p><strong>Anwendung:<\/strong><\/p>\n<ul>\n<li>F\u00fcr W\u00e4rmed\u00e4mmschicht in Kontakt mit d\u00fcnnschichtigen Fassadensystemen.<\/li>\n<p> &#8230; <\/p>\n","protected":false},"featured_media":2457,"template":"","meta":[],"product_cat":[99,98],"product_tag":[],"class_list":["post-3739","product","type-product","status-publish","has-post-thumbnail","hentry","product_cat-ausgewaehlte-produkte","product_cat-plastopor-de"],"acf":[],"yoast_head":"<!-- This site is optimized with the Yoast SEO plugin v20.11 - https:\/\/yoast.com\/wordpress\/plugins\/seo\/ -->\n<title>Plastopor EPS F-035 - PLASTFORM d.o.o.<\/title>\n<meta name=\"robots\" content=\"index, follow, max-snippet:-1, max-image-preview:large, max-video-preview:-1\" \/>\n<link rel=\"canonical\" href=\"https:\/\/www.plastform.hr\/de\/produkt\/plastopor-eps-f-035\/\" \/>\n<meta property=\"og:locale\" content=\"de_DE\" \/>\n<meta property=\"og:type\" content=\"article\" \/>\n<meta property=\"og:title\" content=\"Plastopor EPS F-035 - PLASTFORM d.o.o.\" \/>\n<meta property=\"og:description\" content=\"W\u00e4rmeleitf\u00e4higkeitskoeffizient \u03bbd: 0,035 W\/mK  Anwendung:   F\u00fcr W\u00e4rmed\u00e4mmschicht in Kontakt mit d\u00fcnnschichtigen Fassadensystemen.  ...\" \/>\n<meta property=\"og:url\" content=\"https:\/\/www.plastform.hr\/de\/produkt\/plastopor-eps-f-035\/\" \/>\n<meta property=\"og:site_name\" content=\"PLASTFORM d.o.o.\" \/>\n<meta property=\"article:publisher\" content=\"https:\/\/www.facebook.com\/plastform.hr\/\" \/>\n<meta property=\"article:modified_time\" content=\"2024-04-05T09:25:03+00:00\" \/>\n<meta property=\"og:image\" content=\"https:\/\/www.plastform.hr\/wp-content\/uploads\/2022\/03\/platoform-f-serija.jpg\" \/>\n\t<meta property=\"og:image:width\" content=\"600\" \/>\n\t<meta property=\"og:image:height\" content=\"450\" \/>\n\t<meta property=\"og:image:type\" content=\"image\/jpeg\" \/>\n<meta name=\"twitter:card\" content=\"summary_large_image\" \/>\n<meta name=\"twitter:label1\" content=\"Gesch\u00e4tzte Lesezeit\" \/>\n\t<meta name=\"twitter:data1\" content=\"2\u00a0Minuten\" \/>\n<script type=\"application\/ld+json\" class=\"yoast-schema-graph\">{\"@context\":\"https:\/\/schema.org\",\"@graph\":[{\"@type\":\"WebPage\",\"@id\":\"https:\/\/www.plastform.hr\/de\/produkt\/plastopor-eps-f-035\/\",\"url\":\"https:\/\/www.plastform.hr\/de\/produkt\/plastopor-eps-f-035\/\",\"name\":\"Plastopor EPS F-035 - PLASTFORM d.o.o.\",\"isPartOf\":{\"@id\":\"https:\/\/www.plastform.hr\/de\/#website\"},\"datePublished\":\"2022-03-28T05:19:15+00:00\",\"dateModified\":\"2024-04-05T09:25:03+00:00\",\"breadcrumb\":{\"@id\":\"https:\/\/www.plastform.hr\/de\/produkt\/plastopor-eps-f-035\/#breadcrumb\"},\"inLanguage\":\"de\",\"potentialAction\":[{\"@type\":\"ReadAction\",\"target\":[\"https:\/\/www.plastform.hr\/de\/produkt\/plastopor-eps-f-035\/\"]}]},{\"@type\":\"BreadcrumbList\",\"@id\":\"https:\/\/www.plastform.hr\/de\/produkt\/plastopor-eps-f-035\/#breadcrumb\",\"itemListElement\":[{\"@type\":\"ListItem\",\"position\":1,\"name\":\"Po\u010detna stranica\",\"item\":\"https:\/\/www.plastform.hr\/de\/\"},{\"@type\":\"ListItem\",\"position\":2,\"name\":\"Products\",\"item\":\"https:\/\/www.plastform.hr\/de\/shop\/\"},{\"@type\":\"ListItem\",\"position\":3,\"name\":\"Plastopor EPS F-035\"}]},{\"@type\":\"WebSite\",\"@id\":\"https:\/\/www.plastform.hr\/de\/#website\",\"url\":\"https:\/\/www.plastform.hr\/de\/\",\"name\":\"PLASTFORM d.o.o.\",\"description\":\"Poduze\u0107e za preradu plasti\u010dnih masa, vanjsku i unutarnju trgovinu i zastupanje stranih tvrtki\",\"publisher\":{\"@id\":\"https:\/\/www.plastform.hr\/de\/#organization\"},\"potentialAction\":[{\"@type\":\"SearchAction\",\"target\":{\"@type\":\"EntryPoint\",\"urlTemplate\":\"https:\/\/www.plastform.hr\/de\/?s={search_term_string}\"},\"query-input\":\"required name=search_term_string\"}],\"inLanguage\":\"de\"},{\"@type\":\"Organization\",\"@id\":\"https:\/\/www.plastform.hr\/de\/#organization\",\"name\":\"PLASTFORM d.o.o.\",\"url\":\"https:\/\/www.plastform.hr\/de\/\",\"logo\":{\"@type\":\"ImageObject\",\"inLanguage\":\"de\",\"@id\":\"https:\/\/www.plastform.hr\/de\/#\/schema\/logo\/image\/\",\"url\":\"https:\/\/www.plastform.hr\/wp-content\/uploads\/2022\/02\/plastform-logo-png.png\",\"contentUrl\":\"https:\/\/www.plastform.hr\/wp-content\/uploads\/2022\/02\/plastform-logo-png.png\",\"width\":427,\"height\":76,\"caption\":\"PLASTFORM d.o.o.\"},\"image\":{\"@id\":\"https:\/\/www.plastform.hr\/de\/#\/schema\/logo\/image\/\"},\"sameAs\":[\"https:\/\/www.facebook.com\/plastform.hr\/\",\"https:\/\/www.instagram.com\/plastform_doo\/\",\"https:\/\/www.linkedin.com\/company\/plastform-d-o-o\"]}]}<\/script>\n<!-- \/ Yoast SEO plugin. -->","yoast_head_json":{"title":"Plastopor EPS F-035 - PLASTFORM d.o.o.","robots":{"index":"index","follow":"follow","max-snippet":"max-snippet:-1","max-image-preview":"max-image-preview:large","max-video-preview":"max-video-preview:-1"},"canonical":"https:\/\/www.plastform.hr\/de\/produkt\/plastopor-eps-f-035\/","og_locale":"de_DE","og_type":"article","og_title":"Plastopor EPS F-035 - PLASTFORM d.o.o.","og_description":"W\u00e4rmeleitf\u00e4higkeitskoeffizient \u03bbd: 0,035 W\/mK  Anwendung:   F\u00fcr W\u00e4rmed\u00e4mmschicht in Kontakt mit d\u00fcnnschichtigen Fassadensystemen.  ...","og_url":"https:\/\/www.plastform.hr\/de\/produkt\/plastopor-eps-f-035\/","og_site_name":"PLASTFORM d.o.o.","article_publisher":"https:\/\/www.facebook.com\/plastform.hr\/","article_modified_time":"2024-04-05T09:25:03+00:00","og_image":[{"width":600,"height":450,"url":"https:\/\/www.plastform.hr\/wp-content\/uploads\/2022\/03\/platoform-f-serija.jpg","type":"image\/jpeg"}],"twitter_card":"summary_large_image","twitter_misc":{"Gesch\u00e4tzte Lesezeit":"2\u00a0Minuten"},"schema":{"@context":"https:\/\/schema.org","@graph":[{"@type":"WebPage","@id":"https:\/\/www.plastform.hr\/de\/produkt\/plastopor-eps-f-035\/","url":"https:\/\/www.plastform.hr\/de\/produkt\/plastopor-eps-f-035\/","name":"Plastopor EPS F-035 - PLASTFORM d.o.o.","isPartOf":{"@id":"https:\/\/www.plastform.hr\/de\/#website"},"datePublished":"2022-03-28T05:19:15+00:00","dateModified":"2024-04-05T09:25:03+00:00","breadcrumb":{"@id":"https:\/\/www.plastform.hr\/de\/produkt\/plastopor-eps-f-035\/#breadcrumb"},"inLanguage":"de","potentialAction":[{"@type":"ReadAction","target":["https:\/\/www.plastform.hr\/de\/produkt\/plastopor-eps-f-035\/"]}]},{"@type":"BreadcrumbList","@id":"https:\/\/www.plastform.hr\/de\/produkt\/plastopor-eps-f-035\/#breadcrumb","itemListElement":[{"@type":"ListItem","position":1,"name":"Po\u010detna stranica","item":"https:\/\/www.plastform.hr\/de\/"},{"@type":"ListItem","position":2,"name":"Products","item":"https:\/\/www.plastform.hr\/de\/shop\/"},{"@type":"ListItem","position":3,"name":"Plastopor EPS F-035"}]},{"@type":"WebSite","@id":"https:\/\/www.plastform.hr\/de\/#website","url":"https:\/\/www.plastform.hr\/de\/","name":"PLASTFORM d.o.o.","description":"Poduze\u0107e za preradu plasti\u010dnih masa, vanjsku i unutarnju trgovinu i zastupanje stranih tvrtki","publisher":{"@id":"https:\/\/www.plastform.hr\/de\/#organization"},"potentialAction":[{"@type":"SearchAction","target":{"@type":"EntryPoint","urlTemplate":"https:\/\/www.plastform.hr\/de\/?s={search_term_string}"},"query-input":"required name=search_term_string"}],"inLanguage":"de"},{"@type":"Organization","@id":"https:\/\/www.plastform.hr\/de\/#organization","name":"PLASTFORM d.o.o.","url":"https:\/\/www.plastform.hr\/de\/","logo":{"@type":"ImageObject","inLanguage":"de","@id":"https:\/\/www.plastform.hr\/de\/#\/schema\/logo\/image\/","url":"https:\/\/www.plastform.hr\/wp-content\/uploads\/2022\/02\/plastform-logo-png.png","contentUrl":"https:\/\/www.plastform.hr\/wp-content\/uploads\/2022\/02\/plastform-logo-png.png","width":427,"height":76,"caption":"PLASTFORM d.o.o."},"image":{"@id":"https:\/\/www.plastform.hr\/de\/#\/schema\/logo\/image\/"},"sameAs":["https:\/\/www.facebook.com\/plastform.hr\/","https:\/\/www.instagram.com\/plastform_doo\/","https:\/\/www.linkedin.com\/company\/plastform-d-o-o"]}]}},"_links":{"self":[{"href":"https:\/\/www.plastform.hr\/de\/wp-json\/wp\/v2\/product\/3739","targetHints":{"allow":["GET"]}}],"collection":[{"href":"https:\/\/www.plastform.hr\/de\/wp-json\/wp\/v2\/product"}],"about":[{"href":"https:\/\/www.plastform.hr\/de\/wp-json\/wp\/v2\/types\/product"}],"wp:featuredmedia":[{"embeddable":true,"href":"https:\/\/www.plastform.hr\/de\/wp-json\/wp\/v2\/media\/2457"}],"wp:attachment":[{"href":"https:\/\/www.plastform.hr\/de\/wp-json\/wp\/v2\/media?parent=3739"}],"wp:term":[{"taxonomy":"product_cat","embeddable":true,"href":"https:\/\/www.plastform.hr\/de\/wp-json\/wp\/v2\/product_cat?post=3739"},{"taxonomy":"product_tag","embeddable":true,"href":"https:\/\/www.plastform.hr\/de\/wp-json\/wp\/v2\/product_tag?post=3739"}],"curies":[{"name":"wp","href":"https:\/\/api.w.org\/{rel}","templated":true}]}}