{"id":3974,"date":"2022-07-06T08:54:19","date_gmt":"2022-07-06T06:54:19","guid":{"rendered":"https:\/\/www.plastform.hr\/produkte\/gradevinarstvo\/"},"modified":"2025-04-29T09:12:22","modified_gmt":"2025-04-29T07:12:22","slug":"konstruktion","status":"publish","type":"page","link":"https:\/\/www.plastform.hr\/de\/produkte\/konstruktion\/","title":{"rendered":"Konstruktion"},"content":{"rendered":"<section class=\"wpb-content-wrapper\"><p>[vc_row full_width=&#8220;stretch_row&#8220; el_class=&#8220;products_box pins&#8220;][vc_column el_class=&#8220;cat_pro&#8220;][vc_column_text]Plastopor Styropor wird mittels der modernsten Vakuumtechnologie hergestellt. Demzufolge entspricht sie v\u00f6llig den Forderungen kroatischer (HRN EN 13 163) und europ\u00e4ischer Normen (EN 13 163).<\/p>\n<p>Der einfachste Weg, den CO2-Aussto\u00df zu reduzieren, besteht darin, den Energiebedarf f\u00fcr Heizung und K\u00fchlung zu reduzieren. Dies kann mit der W\u00e4rmed\u00e4mmung von Wohn-, Gewerbe- und \u00f6ffentlichen Geb\u00e4uden mit PLASTOPOR EPS erreicht werden. Dadurch haben wir nicht nur die Menge an in die Atmosph\u00e4re freigesetztem CO2 reduziert, sondern auch eine geringere Menge an verbrauchter Energie eingespart.<\/p>\n<p>Man kann mit Fug und Recht sagen, dass EPS (Styropor\u00ae) keine negativen Auswirkungen auf die Umwelt hat, im Gegenteil, gerade aufgrund seiner grundlegenden Anwendung im Bauwesen, n\u00e4mlich der Energieeinsparung, und der M\u00f6glichkeit seines einfachen 100-prozentigen Recyclings ist es einer der wichtigsten Faktoren im Umweltschutz.[\/vc_column_text][\/vc_column][vc_column width=&#8220;1\/5&#8243;]<a class=\"cz_content_box_link\" href=\"https:\/\/www.plastform.hr\/de\/produkt-kategorie\/konstruktion\/plastopor-de\/\"><div class=\"cz_eqh cz_content_box_parent_fx  \"><div id=\"cz_57656\" class=\"cz_57656 cz_content_box clr cz_split_box_top\"><div class=\"cz_split_box\"><img decoding=\"async\" src=\"https:\/\/www.plastform.hr\/wp-content\/uploads\/2022\/03\/plastopor-bala.jpg\" alt=\"#\" \/><\/div><div class=\"cz_box_front clr\"><div class=\"cz_box_front_inner clr \"><span><\/span><div><div id=\"cz_31165\" class=\"cz_31165 cz_title clr cz_title_has_bg cz_title_pos_block tac\"><div class=\"cz_title_content\"><div class=\"cz_wpe_content\"><h3 style=\"text-align: center;\">Plastopor EPS<\/h3>\n<\/div><\/div><\/div><\/div><\/div><\/div><\/div><\/div><\/a>[\/vc_column][vc_column width=&#8220;1\/5&#8243;]<a class=\"cz_content_box_link\" href=\"https:\/\/www.plastform.hr\/de\/produkt\/fassadematerialien\/\"><div class=\"cz_eqh cz_content_box_parent_fx  \"><div id=\"cz_63836\" class=\"cz_63836 cz_content_box clr cz_split_box_top\"><div class=\"cz_split_box\"><img decoding=\"async\" src=\"https:\/\/www.plastform.hr\/wp-content\/uploads\/2022\/03\/materijali-za-fasadu-1.jpg\" alt=\"#\" \/><\/div><div class=\"cz_box_front clr\"><div class=\"cz_box_front_inner clr \"><span><\/span><div><div id=\"cz_100674\" class=\"cz_100674 cz_title clr cz_title_has_bg cz_title_pos_block tac\"><div class=\"cz_title_content\"><div class=\"cz_wpe_content\"><h3 style=\"text-align: center;\">Fassadenmaterialien<\/h3>\n<\/div><\/div><\/div><\/div><\/div><\/div><\/div><\/div><\/a>[\/vc_column][vc_column width=&#8220;1\/5&#8243;]<a class=\"cz_content_box_link\" href=\"https:\/\/www.plastform.hr\/de\/produkt-kategorie\/konstruktion\/dekorative-stuckfassade\/\"><div class=\"cz_eqh cz_content_box_parent_fx  \"><div id=\"cz_53069\" class=\"cz_53069 cz_content_box clr cz_split_box_top\"><div class=\"cz_split_box\"><img decoding=\"async\" src=\"https:\/\/www.plastform.hr\/wp-content\/uploads\/2022\/03\/dekorativni-stiropor-1.jpg\" alt=\"#\" \/><\/div><div class=\"cz_box_front clr\"><div class=\"cz_box_front_inner clr \"><span><\/span><div><div id=\"cz_103617\" class=\"cz_103617 cz_title clr cz_title_has_bg cz_title_pos_block tac\"><div class=\"cz_title_content\"><div class=\"cz_wpe_content\"><h3 style=\"text-align: center;\">Dekorative Stuckfassade<\/h3>\n<\/div><\/div><\/div><\/div><\/div><\/div><\/div><\/div><\/a>[\/vc_column][vc_column width=&#8220;1\/5&#8243;]<a class=\"cz_content_box_link\" href=\"https:\/\/www.plastform.hr\/de\/produkt-kategorie\/konstruktion\/xps-boards-de-waermedaemmung\/\"><div class=\"cz_eqh cz_content_box_parent_fx  \"><div id=\"cz_68807\" class=\"cz_68807 cz_content_box clr cz_split_box_top\"><div class=\"cz_split_box\"><img decoding=\"async\" src=\"https:\/\/www.plastform.hr\/wp-content\/uploads\/2022\/03\/XPS-ploce-1.jpg\" alt=\"#\" \/><\/div><div class=\"cz_box_front clr\"><div class=\"cz_box_front_inner clr \"><span><\/span><div><div id=\"cz_88216\" class=\"cz_88216 cz_title clr cz_title_has_bg cz_title_pos_block tac\"><div class=\"cz_title_content\"><div class=\"cz_wpe_content\"><h3 style=\"text-align: center;\">XPS boards<\/h3>\n<\/div><\/div><\/div><\/div><\/div><\/div><\/div><\/div><\/a>[\/vc_column][vc_column width=&#8220;1\/5&#8243;]<a class=\"cz_content_box_link\" href=\"https:\/\/www.plastform.hr\/de\/produkt-kategorie\/konstruktion\/styropor-granulat\/\"><div class=\"cz_eqh cz_content_box_parent_fx  \"><div id=\"cz_14137\" class=\"cz_14137 cz_content_box clr cz_split_box_top\"><div class=\"cz_split_box\"><img decoding=\"async\" src=\"https:\/\/www.plastform.hr\/wp-content\/uploads\/2022\/03\/stiropor-granule.jpg\" alt=\"#\" \/><\/div><div class=\"cz_box_front clr\"><div class=\"cz_box_front_inner clr \"><span><\/span><div><div id=\"cz_47861\" class=\"cz_47861 cz_title clr cz_title_has_bg cz_title_pos_block tac\"><div class=\"cz_title_content\"><div class=\"cz_wpe_content\"><h3 style=\"text-align: center;\">Styropor Granulat<\/h3>\n<\/div><\/div><\/div><\/div><\/div><\/div><\/div><\/div><\/a>[\/vc_column][vc_column]<div class=\"cz_gap clr  hide_on_tablet hide_on_mobile\" style=\"height: 50px\"><\/div><div class=\"cz_gap show_on_tablet clr  show_only_tablet\" style=\"height: 50px\"><\/div><div class=\"cz_gap show_on_mobile clr\" style=\"height: 30px\"><\/div>[\/vc_column][vc_column width=&#8220;1\/5&#8243;]<a class=\"cz_content_box_link\" href=\"https:\/\/www.plastform.hr\/de\/produkt-kategorie\/pir-pur-dammplatten\/\"><div class=\"cz_eqh cz_content_box_parent_fx  \"><div id=\"cz_18778\" class=\"cz_18778 cz_content_box clr cz_split_box_top\"><div class=\"cz_split_box\"><img decoding=\"async\" src=\"https:\/\/www.plastform.hr\/wp-content\/uploads\/2025\/04\/PIR-plaat1.png\" alt=\"#\" \/><\/div><div class=\"cz_box_front clr\"><div class=\"cz_box_front_inner clr \"><span><\/span><div><div id=\"cz_13029\" class=\"cz_13029 cz_title clr cz_title_has_bg cz_title_pos_block tac\"><div class=\"cz_title_content\"><div class=\"cz_wpe_content\"><h3 style=\"text-align: center;\">PIR \/ PUR D\u00e4mmplatten<\/h3>\n<\/div><\/div><\/div><\/div><\/div><\/div><\/div><\/div><\/a>[\/vc_column][vc_column width=&#8220;1\/5&#8243;][\/vc_column][vc_column width=&#8220;1\/5&#8243;][\/vc_column][vc_column width=&#8220;1\/5&#8243;][\/vc_column][vc_column width=&#8220;1\/5&#8243;][\/vc_column][vc_column]<div class=\"cz_gap clr  hide_on_tablet hide_on_mobile\" style=\"height: 75px\"><\/div><div class=\"cz_gap show_on_tablet clr  show_only_tablet\" style=\"height: 55px\"><\/div><div class=\"cz_gap show_on_mobile clr\" style=\"height: 35px\"><\/div>[\/vc_column][\/vc_row]<\/p>\n<\/section>","protected":false},"excerpt":{"rendered":"<p>[vc_row full_width=&#8220;stretch_row&#8220; el_class=&#8220;products_box pins&#8220;][vc_column el_class=&#8220;cat_pro&#8220;][vc_column_text]Plastopor Styropor wird mittels der modernsten Vakuumtechnologie &#8230; <\/p>\n","protected":false},"author":2,"featured_media":0,"parent":3968,"menu_order":0,"comment_status":"closed","ping_status":"closed","template":"","meta":{"footnotes":""},"class_list":["post-3974","page","type-page","status-publish","hentry"],"acf":[],"yoast_head":"<!-- This site is optimized with the Yoast SEO plugin v20.11 - https:\/\/yoast.com\/wordpress\/plugins\/seo\/ -->\n<title>Konstruktion - PLASTFORM d.o.o.<\/title>\n<meta name=\"robots\" content=\"index, follow, max-snippet:-1, max-image-preview:large, max-video-preview:-1\" \/>\n<link rel=\"canonical\" href=\"https:\/\/www.plastform.hr\/de\/produkte\/konstruktion\/\" \/>\n<meta property=\"og:locale\" content=\"de_DE\" \/>\n<meta property=\"og:type\" content=\"article\" \/>\n<meta property=\"og:title\" content=\"Konstruktion - PLASTFORM d.o.o.\" \/>\n<meta property=\"og:description\" content=\"[vc_row full_width=&#8220;stretch_row&#8220; el_class=&#8220;products_box pins&#8220;][vc_column el_class=&#8220;cat_pro&#8220;][vc_column_text]Plastopor Styropor wird mittels der modernsten Vakuumtechnologie ...\" \/>\n<meta property=\"og:url\" content=\"https:\/\/www.plastform.hr\/de\/produkte\/konstruktion\/\" \/>\n<meta property=\"og:site_name\" content=\"PLASTFORM d.o.o.\" \/>\n<meta property=\"article:publisher\" content=\"https:\/\/www.facebook.com\/plastform.hr\/\" \/>\n<meta property=\"article:modified_time\" content=\"2025-04-29T07:12:22+00:00\" \/>\n<meta name=\"twitter:card\" content=\"summary_large_image\" \/>\n<meta name=\"twitter:label1\" content=\"Gesch\u00e4tzte Lesezeit\" \/>\n\t<meta name=\"twitter:data1\" content=\"2\u00a0Minuten\" \/>\n<script type=\"application\/ld+json\" class=\"yoast-schema-graph\">{\"@context\":\"https:\/\/schema.org\",\"@graph\":[{\"@type\":\"WebPage\",\"@id\":\"https:\/\/www.plastform.hr\/de\/produkte\/konstruktion\/\",\"url\":\"https:\/\/www.plastform.hr\/de\/produkte\/konstruktion\/\",\"name\":\"Konstruktion - PLASTFORM d.o.o.\",\"isPartOf\":{\"@id\":\"https:\/\/www.plastform.hr\/de\/#website\"},\"datePublished\":\"2022-07-06T06:54:19+00:00\",\"dateModified\":\"2025-04-29T07:12:22+00:00\",\"breadcrumb\":{\"@id\":\"https:\/\/www.plastform.hr\/de\/produkte\/konstruktion\/#breadcrumb\"},\"inLanguage\":\"de\",\"potentialAction\":[{\"@type\":\"ReadAction\",\"target\":[\"https:\/\/www.plastform.hr\/de\/produkte\/konstruktion\/\"]}]},{\"@type\":\"BreadcrumbList\",\"@id\":\"https:\/\/www.plastform.hr\/de\/produkte\/konstruktion\/#breadcrumb\",\"itemListElement\":[{\"@type\":\"ListItem\",\"position\":1,\"name\":\"Po\u010detna stranica\",\"item\":\"https:\/\/www.plastform.hr\/de\/\"},{\"@type\":\"ListItem\",\"position\":2,\"name\":\"Produkte\",\"item\":\"https:\/\/www.plastform.hr\/de\/proizvodi\/\"},{\"@type\":\"ListItem\",\"position\":3,\"name\":\"Konstruktion\"}]},{\"@type\":\"WebSite\",\"@id\":\"https:\/\/www.plastform.hr\/de\/#website\",\"url\":\"https:\/\/www.plastform.hr\/de\/\",\"name\":\"PLASTFORM d.o.o.\",\"description\":\"Poduze\u0107e za preradu plasti\u010dnih masa, vanjsku i unutarnju trgovinu i zastupanje stranih tvrtki\",\"publisher\":{\"@id\":\"https:\/\/www.plastform.hr\/de\/#organization\"},\"potentialAction\":[{\"@type\":\"SearchAction\",\"target\":{\"@type\":\"EntryPoint\",\"urlTemplate\":\"https:\/\/www.plastform.hr\/de\/?s={search_term_string}\"},\"query-input\":\"required name=search_term_string\"}],\"inLanguage\":\"de\"},{\"@type\":\"Organization\",\"@id\":\"https:\/\/www.plastform.hr\/de\/#organization\",\"name\":\"PLASTFORM d.o.o.\",\"url\":\"https:\/\/www.plastform.hr\/de\/\",\"logo\":{\"@type\":\"ImageObject\",\"inLanguage\":\"de\",\"@id\":\"https:\/\/www.plastform.hr\/de\/#\/schema\/logo\/image\/\",\"url\":\"https:\/\/www.plastform.hr\/wp-content\/uploads\/2022\/02\/plastform-logo-png.png\",\"contentUrl\":\"https:\/\/www.plastform.hr\/wp-content\/uploads\/2022\/02\/plastform-logo-png.png\",\"width\":427,\"height\":76,\"caption\":\"PLASTFORM d.o.o.\"},\"image\":{\"@id\":\"https:\/\/www.plastform.hr\/de\/#\/schema\/logo\/image\/\"},\"sameAs\":[\"https:\/\/www.facebook.com\/plastform.hr\/\",\"https:\/\/www.instagram.com\/plastform_doo\/\",\"https:\/\/www.linkedin.com\/company\/plastform-d-o-o\"]}]}<\/script>\n<!-- \/ Yoast SEO plugin. -->","yoast_head_json":{"title":"Konstruktion - PLASTFORM d.o.o.","robots":{"index":"index","follow":"follow","max-snippet":"max-snippet:-1","max-image-preview":"max-image-preview:large","max-video-preview":"max-video-preview:-1"},"canonical":"https:\/\/www.plastform.hr\/de\/produkte\/konstruktion\/","og_locale":"de_DE","og_type":"article","og_title":"Konstruktion - PLASTFORM d.o.o.","og_description":"[vc_row full_width=&#8220;stretch_row&#8220; el_class=&#8220;products_box pins&#8220;][vc_column el_class=&#8220;cat_pro&#8220;][vc_column_text]Plastopor Styropor wird mittels der modernsten Vakuumtechnologie ...","og_url":"https:\/\/www.plastform.hr\/de\/produkte\/konstruktion\/","og_site_name":"PLASTFORM d.o.o.","article_publisher":"https:\/\/www.facebook.com\/plastform.hr\/","article_modified_time":"2025-04-29T07:12:22+00:00","twitter_card":"summary_large_image","twitter_misc":{"Gesch\u00e4tzte Lesezeit":"2\u00a0Minuten"},"schema":{"@context":"https:\/\/schema.org","@graph":[{"@type":"WebPage","@id":"https:\/\/www.plastform.hr\/de\/produkte\/konstruktion\/","url":"https:\/\/www.plastform.hr\/de\/produkte\/konstruktion\/","name":"Konstruktion - PLASTFORM d.o.o.","isPartOf":{"@id":"https:\/\/www.plastform.hr\/de\/#website"},"datePublished":"2022-07-06T06:54:19+00:00","dateModified":"2025-04-29T07:12:22+00:00","breadcrumb":{"@id":"https:\/\/www.plastform.hr\/de\/produkte\/konstruktion\/#breadcrumb"},"inLanguage":"de","potentialAction":[{"@type":"ReadAction","target":["https:\/\/www.plastform.hr\/de\/produkte\/konstruktion\/"]}]},{"@type":"BreadcrumbList","@id":"https:\/\/www.plastform.hr\/de\/produkte\/konstruktion\/#breadcrumb","itemListElement":[{"@type":"ListItem","position":1,"name":"Po\u010detna stranica","item":"https:\/\/www.plastform.hr\/de\/"},{"@type":"ListItem","position":2,"name":"Produkte","item":"https:\/\/www.plastform.hr\/de\/proizvodi\/"},{"@type":"ListItem","position":3,"name":"Konstruktion"}]},{"@type":"WebSite","@id":"https:\/\/www.plastform.hr\/de\/#website","url":"https:\/\/www.plastform.hr\/de\/","name":"PLASTFORM d.o.o.","description":"Poduze\u0107e za preradu plasti\u010dnih masa, vanjsku i unutarnju trgovinu i zastupanje stranih tvrtki","publisher":{"@id":"https:\/\/www.plastform.hr\/de\/#organization"},"potentialAction":[{"@type":"SearchAction","target":{"@type":"EntryPoint","urlTemplate":"https:\/\/www.plastform.hr\/de\/?s={search_term_string}"},"query-input":"required name=search_term_string"}],"inLanguage":"de"},{"@type":"Organization","@id":"https:\/\/www.plastform.hr\/de\/#organization","name":"PLASTFORM d.o.o.","url":"https:\/\/www.plastform.hr\/de\/","logo":{"@type":"ImageObject","inLanguage":"de","@id":"https:\/\/www.plastform.hr\/de\/#\/schema\/logo\/image\/","url":"https:\/\/www.plastform.hr\/wp-content\/uploads\/2022\/02\/plastform-logo-png.png","contentUrl":"https:\/\/www.plastform.hr\/wp-content\/uploads\/2022\/02\/plastform-logo-png.png","width":427,"height":76,"caption":"PLASTFORM d.o.o."},"image":{"@id":"https:\/\/www.plastform.hr\/de\/#\/schema\/logo\/image\/"},"sameAs":["https:\/\/www.facebook.com\/plastform.hr\/","https:\/\/www.instagram.com\/plastform_doo\/","https:\/\/www.linkedin.com\/company\/plastform-d-o-o"]}]}},"_links":{"self":[{"href":"https:\/\/www.plastform.hr\/de\/wp-json\/wp\/v2\/pages\/3974","targetHints":{"allow":["GET"]}}],"collection":[{"href":"https:\/\/www.plastform.hr\/de\/wp-json\/wp\/v2\/pages"}],"about":[{"href":"https:\/\/www.plastform.hr\/de\/wp-json\/wp\/v2\/types\/page"}],"author":[{"embeddable":true,"href":"https:\/\/www.plastform.hr\/de\/wp-json\/wp\/v2\/users\/2"}],"replies":[{"embeddable":true,"href":"https:\/\/www.plastform.hr\/de\/wp-json\/wp\/v2\/comments?post=3974"}],"version-history":[{"count":11,"href":"https:\/\/www.plastform.hr\/de\/wp-json\/wp\/v2\/pages\/3974\/revisions"}],"predecessor-version":[{"id":5374,"href":"https:\/\/www.plastform.hr\/de\/wp-json\/wp\/v2\/pages\/3974\/revisions\/5374"}],"up":[{"embeddable":true,"href":"https:\/\/www.plastform.hr\/de\/wp-json\/wp\/v2\/pages\/3968"}],"wp:attachment":[{"href":"https:\/\/www.plastform.hr\/de\/wp-json\/wp\/v2\/media?parent=3974"}],"curies":[{"name":"wp","href":"https:\/\/api.w.org\/{rel}","templated":true}]}}