{"id":3941,"date":"2022-07-18T13:26:10","date_gmt":"2022-07-18T11:26:10","guid":{"rendered":"https:\/\/www.plastform.hr\/kvaliteta\/"},"modified":"2023-03-09T00:05:26","modified_gmt":"2023-03-08T23:05:26","slug":"qualitaets","status":"publish","type":"page","link":"https:\/\/www.plastform.hr\/de\/qualitaets\/","title":{"rendered":"Qualit\u00e4ts"},"content":{"rendered":"<section class=\"wpb-content-wrapper\"><p>[vc_row][vc_column][vc_column_text]PLASTFORM d.o.o., ein Handelsunternehmen f\u00fcr die Herstellung von Styropor (EPS) f\u00fcr W\u00e4rmed\u00e4mmung und Verpackung, hat zur Zufriedenheit aller das Qualit\u00e4tsmanagement- und Umweltschutzsystem gem\u00e4\u00df den Anforderungen der ISO 9001 und ISO 14001 aufgebaut, aufrecht erhalten und st\u00e4ndig verbessert interessierte Parteien: Eigent\u00fcmer, Mitarbeiter, Nutzer unserer Dienste, breitere und engere soziale Gemeinschaften.<\/p>\n<p>PLASTFORM d.o.o. m\u00f6chte, dass Kunden, Benutzer, Lieferanten und Hersteller unsere Organisation als professionellen und aktiven Mitarbeiter anerkennen.<\/p>\n<p>Wir haben unsere Umweltaspekte und -\u00e4nderungen festgelegt, um negative Umweltauswirkungen f\u00fcr alle Aktivit\u00e4ten zu vermeiden, soweit wir sie beeinflussen k\u00f6nnen.<\/p>\n<p>Die Qualit\u00e4t unserer Dienstleistungen, die Auswahl an Qualit\u00e4tsprodukten, die wir anbieten, sind eine Bedingung f\u00fcr unser \u00dcberleben und unsere Entwicklung und ein wesentlicher Bestandteil unseres unternehmerischen Strebens.<\/p>\n<p>Wir kontrollieren unsere eigenen Prozesse, die an den geltenden Compliance-Verpflichtungen, Anforderungen und Kriterien von Benutzern und interessierten Parteien aus der Umwelt, den Gesetzen der Republik Kroatien, technischen Vorschriften und Normen ausgerichtet sind, wir suchen nach den besten organisatorischen L\u00f6sungen, die wir durchf\u00fchren alle Aktivit\u00e4ten der Organisation professionell und mit hoher Qualit\u00e4t.<\/p>\n<p>Durch die \u00dcberwachung der Kundenzufriedenheit, die \u00dcberwachung und Bewertung von Lieferanten und kooperierenden Unternehmen sowie die Analyse aller Daten schaffen wir eine Grundlage zur Einleitung aller erforderlichen Ma\u00dfnahmen mit dem Ziel, die Effizienz des Qualit\u00e4tsmanagementsystems und des Umweltschutzes gem\u00e4\u00df den Anforderungen der ISO 9001 und ISO 14001 Standards und Verringerung aller Arten von Risiken.<\/p>\n<p>Wir fordern von allen unseren Gesch\u00e4ftspartnern, Servicenutzern und kooperierenden Unternehmen die Einhaltung von Qualit\u00e4ts- und Umweltschutzkriterien.<\/p>\n<p>Durch die \u00dcberpr\u00fcfung durch die Verwaltung bewertet die Verwaltung die Aktualit\u00e4t der Politik und die Notwendigkeit, sie zu \u00e4ndern, und legt auf dieser Grundlage spezifische Ziele fest.<\/p>\n<p>Die Qualit\u00e4ts- und Umweltschutzpolitik gilt f\u00fcr alle Gesch\u00e4ftsprozesse im Unternehmen PLASTFORM d.o.o. im Visier:<\/p>\n<p>&#8222;Herstellung von Styropor (EPS) f\u00fcr W\u00e4rmed\u00e4mmung und Verpackung&#8220;<\/p>\n<p>Alle Prozesse werden durch geplante interne Audits, \u00dcberwachung von Zertifizierungsstellen, kompetente Inspektionen, \u00dcberwachung durch Benutzer und Zusammenarbeit mit der breiteren Gemeinschaft \u00fcberpr\u00fcft.<\/p>\n<p>Die Qualit\u00e4ts- und Umweltschutzpolitik ist ein \u00f6ffentliches Dokument, sie wurde den Mitarbeitern mitgeteilt und steht allen interessierten Parteien zur Verf\u00fcgung.[\/vc_column_text]<ul id=\"cz_104324\" class=\"cz_104324 cz_stylish_list clr cz_sl_icon_hover_zoom_in\"><li class=\"clr\"><a href=\"https:\/\/www.plastform.hr\/wp-content\/uploads\/2022\/07\/Politika-kvalitete-i-zastite-okolisa_Plastform.pdf\"><div class=\"cz_sl_icon\"><i class=\"fas fa-file-pdf mr10\" style=\"color:#e53935\"><\/i><\/div><div><span>Qualit\u00e4ts- und Umweltschutzpolitik<\/span><\/div><\/a><\/li><\/ul>[\/vc_column][\/vc_row][vc_row][vc_column]<div id=\"cz_20276\" class=\"cz_grid_p cz_20276\"><div class=\"cz_grid cz_grid_1 clr cz_grid_c4 cz_grid_1_no_title cz_grid_1_mid tac\"><div class=\"cz_grid_item cz_grid_first\"><\/div><div class=\"cz_grid_item \"><div><a class=\"cz_grid_link \" href=\"https:\/\/www.plastform.hr\/wp-content\/uploads\/2022\/07\/3X9A1303-1.jpg\" data-xtra-lightbox><img decoding=\"async\" width=\"600\" height=\"600\" src=\"https:\/\/www.plastform.hr\/wp-content\/uploads\/2022\/07\/3X9A1303-1-600x600.jpg\" class=\"attachment-codevz_600_600\" alt=\"\" title=\"3X9A1303\" srcset=\"https:\/\/www.plastform.hr\/wp-content\/uploads\/2022\/07\/3X9A1303-1-600x600.jpg 600w, https:\/\/www.plastform.hr\/wp-content\/uploads\/2022\/07\/3X9A1303-1-150x150.jpg 150w, https:\/\/www.plastform.hr\/wp-content\/uploads\/2022\/07\/3X9A1303-1-100x100.jpg 100w\" sizes=\"(max-width: 600px) 100vw, 600px\" \/><div class=\"cz_grid_details\"><i class=\"fa fa-search cz_grid_icon\"><\/i><\/div><\/a><\/div><\/div><div class=\"cz_grid_item \"><div><a class=\"cz_grid_link \" href=\"https:\/\/www.plastform.hr\/wp-content\/uploads\/2022\/07\/3X9A1315-1.jpg\" data-xtra-lightbox><img decoding=\"async\" width=\"600\" height=\"600\" src=\"https:\/\/www.plastform.hr\/wp-content\/uploads\/2022\/07\/3X9A1315-1-600x600.jpg\" class=\"attachment-codevz_600_600\" alt=\"\" title=\"3X9A1315\" srcset=\"https:\/\/www.plastform.hr\/wp-content\/uploads\/2022\/07\/3X9A1315-1-600x600.jpg 600w, https:\/\/www.plastform.hr\/wp-content\/uploads\/2022\/07\/3X9A1315-1-150x150.jpg 150w, https:\/\/www.plastform.hr\/wp-content\/uploads\/2022\/07\/3X9A1315-1-100x100.jpg 100w\" sizes=\"(max-width: 600px) 100vw, 600px\" \/><div class=\"cz_grid_details\"><i class=\"fa fa-search cz_grid_icon\"><\/i><\/div><\/a><\/div><\/div><div class=\"cz_grid_item \"><div><a class=\"cz_grid_link \" href=\"https:\/\/www.plastform.hr\/wp-content\/uploads\/2022\/07\/3X9A1329-1.jpg\" data-xtra-lightbox><img decoding=\"async\" width=\"600\" height=\"600\" src=\"https:\/\/www.plastform.hr\/wp-content\/uploads\/2022\/07\/3X9A1329-1-600x600.jpg\" class=\"attachment-codevz_600_600\" alt=\"\" title=\"3X9A1329\" srcset=\"https:\/\/www.plastform.hr\/wp-content\/uploads\/2022\/07\/3X9A1329-1-600x600.jpg 600w, https:\/\/www.plastform.hr\/wp-content\/uploads\/2022\/07\/3X9A1329-1-150x150.jpg 150w, https:\/\/www.plastform.hr\/wp-content\/uploads\/2022\/07\/3X9A1329-1-100x100.jpg 100w\" sizes=\"(max-width: 600px) 100vw, 600px\" \/><div class=\"cz_grid_details\"><i class=\"fa fa-search cz_grid_icon\"><\/i><\/div><\/a><\/div><\/div><div class=\"cz_grid_item \"><div><a class=\"cz_grid_link \" href=\"https:\/\/www.plastform.hr\/wp-content\/uploads\/2022\/07\/3X9A1355-1.jpg\" data-xtra-lightbox><img decoding=\"async\" width=\"600\" height=\"600\" src=\"https:\/\/www.plastform.hr\/wp-content\/uploads\/2022\/07\/3X9A1355-1-600x600.jpg\" class=\"attachment-codevz_600_600\" alt=\"\" title=\"3X9A1355\" srcset=\"https:\/\/www.plastform.hr\/wp-content\/uploads\/2022\/07\/3X9A1355-1-600x600.jpg 600w, https:\/\/www.plastform.hr\/wp-content\/uploads\/2022\/07\/3X9A1355-1-150x150.jpg 150w, https:\/\/www.plastform.hr\/wp-content\/uploads\/2022\/07\/3X9A1355-1-100x100.jpg 100w\" sizes=\"(max-width: 600px) 100vw, 600px\" \/><div class=\"cz_grid_details\"><i class=\"fa fa-search cz_grid_icon\"><\/i><\/div><\/a><\/div><\/div><div class=\"cz_grid_item \"><div><a class=\"cz_grid_link \" href=\"https:\/\/www.plastform.hr\/wp-content\/uploads\/2022\/07\/3X9A1360-1.jpg\" data-xtra-lightbox><img decoding=\"async\" width=\"600\" height=\"600\" src=\"https:\/\/www.plastform.hr\/wp-content\/uploads\/2022\/07\/3X9A1360-1-600x600.jpg\" class=\"attachment-codevz_600_600\" alt=\"\" title=\"3X9A1360\" srcset=\"https:\/\/www.plastform.hr\/wp-content\/uploads\/2022\/07\/3X9A1360-1-600x600.jpg 600w, https:\/\/www.plastform.hr\/wp-content\/uploads\/2022\/07\/3X9A1360-1-150x150.jpg 150w, https:\/\/www.plastform.hr\/wp-content\/uploads\/2022\/07\/3X9A1360-1-100x100.jpg 100w\" sizes=\"(max-width: 600px) 100vw, 600px\" \/><div class=\"cz_grid_details\"><i class=\"fa fa-search cz_grid_icon\"><\/i><\/div><\/a><\/div><\/div><div class=\"cz_grid_item \"><div><a class=\"cz_grid_link \" href=\"https:\/\/www.plastform.hr\/wp-content\/uploads\/2022\/07\/3X9A1298-1.jpg\" data-xtra-lightbox><img decoding=\"async\" width=\"600\" height=\"600\" src=\"https:\/\/www.plastform.hr\/wp-content\/uploads\/2022\/07\/3X9A1298-1-600x600.jpg\" class=\"attachment-codevz_600_600\" alt=\"\" title=\"3X9A1298\" srcset=\"https:\/\/www.plastform.hr\/wp-content\/uploads\/2022\/07\/3X9A1298-1-600x600.jpg 600w, https:\/\/www.plastform.hr\/wp-content\/uploads\/2022\/07\/3X9A1298-1-150x150.jpg 150w, https:\/\/www.plastform.hr\/wp-content\/uploads\/2022\/07\/3X9A1298-1-100x100.jpg 100w\" sizes=\"(max-width: 600px) 100vw, 600px\" \/><div class=\"cz_grid_details\"><i class=\"fa fa-search cz_grid_icon\"><\/i><\/div><\/a><\/div><\/div><div class=\"cz_grid_item \"><div><a class=\"cz_grid_link \" href=\"https:\/\/www.plastform.hr\/wp-content\/uploads\/2023\/03\/labos_eps-scaled-e1678316496649.jpg\" data-xtra-lightbox><img decoding=\"async\" width=\"600\" height=\"600\" src=\"https:\/\/www.plastform.hr\/wp-content\/uploads\/2023\/03\/labos_eps-600x600.jpg\" class=\"attachment-codevz_600_600\" alt=\"\" title=\"labos_eps\" srcset=\"https:\/\/www.plastform.hr\/wp-content\/uploads\/2023\/03\/labos_eps-600x600.jpg 600w, https:\/\/www.plastform.hr\/wp-content\/uploads\/2023\/03\/labos_eps-150x150.jpg 150w, https:\/\/www.plastform.hr\/wp-content\/uploads\/2023\/03\/labos_eps-100x100.jpg 100w\" sizes=\"(max-width: 600px) 100vw, 600px\" \/><div class=\"cz_grid_details\"><i class=\"fa fa-search cz_grid_icon\"><\/i><\/div><\/a><\/div><\/div><div class=\"cz_grid_item \"><div><a class=\"cz_grid_link \" href=\"https:\/\/www.plastform.hr\/wp-content\/uploads\/2022\/07\/3X9A1324-1.jpg\" data-xtra-lightbox><img decoding=\"async\" width=\"600\" height=\"600\" src=\"https:\/\/www.plastform.hr\/wp-content\/uploads\/2022\/07\/3X9A1324-1-600x600.jpg\" class=\"attachment-codevz_600_600\" alt=\"\" title=\"3X9A1324\" srcset=\"https:\/\/www.plastform.hr\/wp-content\/uploads\/2022\/07\/3X9A1324-1-600x600.jpg 600w, https:\/\/www.plastform.hr\/wp-content\/uploads\/2022\/07\/3X9A1324-1-150x150.jpg 150w, https:\/\/www.plastform.hr\/wp-content\/uploads\/2022\/07\/3X9A1324-1-100x100.jpg 100w\" sizes=\"(max-width: 600px) 100vw, 600px\" \/><div class=\"cz_grid_details\"><i class=\"fa fa-search cz_grid_icon\"><\/i><\/div><\/a><\/div><\/div><\/div><\/div>[\/vc_column][\/vc_row]<\/p>\n<\/section>","protected":false},"excerpt":{"rendered":"<p>[vc_row][vc_column][vc_column_text]PLASTFORM d.o.o., ein Handelsunternehmen f\u00fcr die Herstellung von Styropor (EPS) f\u00fcr &#8230; <\/p>\n","protected":false},"author":2,"featured_media":0,"parent":0,"menu_order":0,"comment_status":"closed","ping_status":"closed","template":"","meta":{"footnotes":""},"class_list":["post-3941","page","type-page","status-publish","hentry"],"acf":[],"yoast_head":"<!-- This site is optimized with the Yoast SEO plugin v20.11 - https:\/\/yoast.com\/wordpress\/plugins\/seo\/ -->\n<title>Qualit\u00e4ts - PLASTFORM d.o.o.<\/title>\n<meta name=\"robots\" content=\"index, follow, max-snippet:-1, max-image-preview:large, max-video-preview:-1\" \/>\n<link rel=\"canonical\" href=\"https:\/\/www.plastform.hr\/de\/qualitaets\/\" \/>\n<meta property=\"og:locale\" content=\"de_DE\" \/>\n<meta property=\"og:type\" content=\"article\" \/>\n<meta property=\"og:title\" content=\"Qualit\u00e4ts - PLASTFORM d.o.o.\" \/>\n<meta property=\"og:description\" content=\"[vc_row][vc_column][vc_column_text]PLASTFORM d.o.o., ein Handelsunternehmen f\u00fcr die Herstellung von Styropor (EPS) f\u00fcr ...\" \/>\n<meta property=\"og:url\" content=\"https:\/\/www.plastform.hr\/de\/qualitaets\/\" \/>\n<meta property=\"og:site_name\" content=\"PLASTFORM d.o.o.\" \/>\n<meta property=\"article:publisher\" content=\"https:\/\/www.facebook.com\/plastform.hr\/\" \/>\n<meta property=\"article:modified_time\" content=\"2023-03-08T23:05:26+00:00\" \/>\n<meta name=\"twitter:card\" content=\"summary_large_image\" \/>\n<meta name=\"twitter:label1\" content=\"Gesch\u00e4tzte Lesezeit\" \/>\n\t<meta name=\"twitter:data1\" content=\"2\u00a0Minuten\" \/>\n<script type=\"application\/ld+json\" class=\"yoast-schema-graph\">{\"@context\":\"https:\/\/schema.org\",\"@graph\":[{\"@type\":\"WebPage\",\"@id\":\"https:\/\/www.plastform.hr\/de\/qualitaets\/\",\"url\":\"https:\/\/www.plastform.hr\/de\/qualitaets\/\",\"name\":\"Qualit\u00e4ts - PLASTFORM d.o.o.\",\"isPartOf\":{\"@id\":\"https:\/\/www.plastform.hr\/de\/#website\"},\"datePublished\":\"2022-07-18T11:26:10+00:00\",\"dateModified\":\"2023-03-08T23:05:26+00:00\",\"breadcrumb\":{\"@id\":\"https:\/\/www.plastform.hr\/de\/qualitaets\/#breadcrumb\"},\"inLanguage\":\"de\",\"potentialAction\":[{\"@type\":\"ReadAction\",\"target\":[\"https:\/\/www.plastform.hr\/de\/qualitaets\/\"]}]},{\"@type\":\"BreadcrumbList\",\"@id\":\"https:\/\/www.plastform.hr\/de\/qualitaets\/#breadcrumb\",\"itemListElement\":[{\"@type\":\"ListItem\",\"position\":1,\"name\":\"Po\u010detna stranica\",\"item\":\"https:\/\/www.plastform.hr\/de\/\"},{\"@type\":\"ListItem\",\"position\":2,\"name\":\"Qualit\u00e4ts\"}]},{\"@type\":\"WebSite\",\"@id\":\"https:\/\/www.plastform.hr\/de\/#website\",\"url\":\"https:\/\/www.plastform.hr\/de\/\",\"name\":\"PLASTFORM d.o.o.\",\"description\":\"Poduze\u0107e za preradu plasti\u010dnih masa, vanjsku i unutarnju trgovinu i zastupanje stranih tvrtki\",\"publisher\":{\"@id\":\"https:\/\/www.plastform.hr\/de\/#organization\"},\"potentialAction\":[{\"@type\":\"SearchAction\",\"target\":{\"@type\":\"EntryPoint\",\"urlTemplate\":\"https:\/\/www.plastform.hr\/de\/?s={search_term_string}\"},\"query-input\":\"required name=search_term_string\"}],\"inLanguage\":\"de\"},{\"@type\":\"Organization\",\"@id\":\"https:\/\/www.plastform.hr\/de\/#organization\",\"name\":\"PLASTFORM d.o.o.\",\"url\":\"https:\/\/www.plastform.hr\/de\/\",\"logo\":{\"@type\":\"ImageObject\",\"inLanguage\":\"de\",\"@id\":\"https:\/\/www.plastform.hr\/de\/#\/schema\/logo\/image\/\",\"url\":\"https:\/\/www.plastform.hr\/wp-content\/uploads\/2022\/02\/plastform-logo-png.png\",\"contentUrl\":\"https:\/\/www.plastform.hr\/wp-content\/uploads\/2022\/02\/plastform-logo-png.png\",\"width\":427,\"height\":76,\"caption\":\"PLASTFORM d.o.o.\"},\"image\":{\"@id\":\"https:\/\/www.plastform.hr\/de\/#\/schema\/logo\/image\/\"},\"sameAs\":[\"https:\/\/www.facebook.com\/plastform.hr\/\",\"https:\/\/www.instagram.com\/plastform_doo\/\",\"https:\/\/www.linkedin.com\/company\/plastform-d-o-o\"]}]}<\/script>\n<!-- \/ Yoast SEO plugin. -->","yoast_head_json":{"title":"Qualit\u00e4ts - PLASTFORM d.o.o.","robots":{"index":"index","follow":"follow","max-snippet":"max-snippet:-1","max-image-preview":"max-image-preview:large","max-video-preview":"max-video-preview:-1"},"canonical":"https:\/\/www.plastform.hr\/de\/qualitaets\/","og_locale":"de_DE","og_type":"article","og_title":"Qualit\u00e4ts - PLASTFORM d.o.o.","og_description":"[vc_row][vc_column][vc_column_text]PLASTFORM d.o.o., ein Handelsunternehmen f\u00fcr die Herstellung von Styropor (EPS) f\u00fcr ...","og_url":"https:\/\/www.plastform.hr\/de\/qualitaets\/","og_site_name":"PLASTFORM d.o.o.","article_publisher":"https:\/\/www.facebook.com\/plastform.hr\/","article_modified_time":"2023-03-08T23:05:26+00:00","twitter_card":"summary_large_image","twitter_misc":{"Gesch\u00e4tzte Lesezeit":"2\u00a0Minuten"},"schema":{"@context":"https:\/\/schema.org","@graph":[{"@type":"WebPage","@id":"https:\/\/www.plastform.hr\/de\/qualitaets\/","url":"https:\/\/www.plastform.hr\/de\/qualitaets\/","name":"Qualit\u00e4ts - PLASTFORM d.o.o.","isPartOf":{"@id":"https:\/\/www.plastform.hr\/de\/#website"},"datePublished":"2022-07-18T11:26:10+00:00","dateModified":"2023-03-08T23:05:26+00:00","breadcrumb":{"@id":"https:\/\/www.plastform.hr\/de\/qualitaets\/#breadcrumb"},"inLanguage":"de","potentialAction":[{"@type":"ReadAction","target":["https:\/\/www.plastform.hr\/de\/qualitaets\/"]}]},{"@type":"BreadcrumbList","@id":"https:\/\/www.plastform.hr\/de\/qualitaets\/#breadcrumb","itemListElement":[{"@type":"ListItem","position":1,"name":"Po\u010detna stranica","item":"https:\/\/www.plastform.hr\/de\/"},{"@type":"ListItem","position":2,"name":"Qualit\u00e4ts"}]},{"@type":"WebSite","@id":"https:\/\/www.plastform.hr\/de\/#website","url":"https:\/\/www.plastform.hr\/de\/","name":"PLASTFORM d.o.o.","description":"Poduze\u0107e za preradu plasti\u010dnih masa, vanjsku i unutarnju trgovinu i zastupanje stranih tvrtki","publisher":{"@id":"https:\/\/www.plastform.hr\/de\/#organization"},"potentialAction":[{"@type":"SearchAction","target":{"@type":"EntryPoint","urlTemplate":"https:\/\/www.plastform.hr\/de\/?s={search_term_string}"},"query-input":"required name=search_term_string"}],"inLanguage":"de"},{"@type":"Organization","@id":"https:\/\/www.plastform.hr\/de\/#organization","name":"PLASTFORM d.o.o.","url":"https:\/\/www.plastform.hr\/de\/","logo":{"@type":"ImageObject","inLanguage":"de","@id":"https:\/\/www.plastform.hr\/de\/#\/schema\/logo\/image\/","url":"https:\/\/www.plastform.hr\/wp-content\/uploads\/2022\/02\/plastform-logo-png.png","contentUrl":"https:\/\/www.plastform.hr\/wp-content\/uploads\/2022\/02\/plastform-logo-png.png","width":427,"height":76,"caption":"PLASTFORM d.o.o."},"image":{"@id":"https:\/\/www.plastform.hr\/de\/#\/schema\/logo\/image\/"},"sameAs":["https:\/\/www.facebook.com\/plastform.hr\/","https:\/\/www.instagram.com\/plastform_doo\/","https:\/\/www.linkedin.com\/company\/plastform-d-o-o"]}]}},"_links":{"self":[{"href":"https:\/\/www.plastform.hr\/de\/wp-json\/wp\/v2\/pages\/3941","targetHints":{"allow":["GET"]}}],"collection":[{"href":"https:\/\/www.plastform.hr\/de\/wp-json\/wp\/v2\/pages"}],"about":[{"href":"https:\/\/www.plastform.hr\/de\/wp-json\/wp\/v2\/types\/page"}],"author":[{"embeddable":true,"href":"https:\/\/www.plastform.hr\/de\/wp-json\/wp\/v2\/users\/2"}],"replies":[{"embeddable":true,"href":"https:\/\/www.plastform.hr\/de\/wp-json\/wp\/v2\/comments?post=3941"}],"version-history":[{"count":4,"href":"https:\/\/www.plastform.hr\/de\/wp-json\/wp\/v2\/pages\/3941\/revisions"}],"predecessor-version":[{"id":4665,"href":"https:\/\/www.plastform.hr\/de\/wp-json\/wp\/v2\/pages\/3941\/revisions\/4665"}],"wp:attachment":[{"href":"https:\/\/www.plastform.hr\/de\/wp-json\/wp\/v2\/media?parent=3941"}],"curies":[{"name":"wp","href":"https:\/\/api.w.org\/{rel}","templated":true}]}}