{"id":3684,"date":"2022-03-28T12:42:16","date_gmt":"2022-03-28T10:42:16","guid":{"rendered":"https:\/\/www.plastform.hr\/o-nama\/"},"modified":"2025-02-07T14:13:24","modified_gmt":"2025-02-07T13:13:24","slug":"ueber-uns","status":"publish","type":"page","link":"https:\/\/www.plastform.hr\/de\/ueber-uns\/","title":{"rendered":"\u00dcber uns"},"content":{"rendered":"<section class=\"wpb-content-wrapper\"><p>[vc_row][vc_column width=&#8220;1\/2&#8243;][vc_column_text]Das Unternehmen Plastform d.o.o. wurde 1992 gegr\u00fcndet, und die Hauptt\u00e4tigkeit des Unternehmens ist die Produktion von Styropor f\u00fcr die W\u00e4rmed\u00e4mmung im Bauwesen und die Produktion von Styropor\u00ae-Verpackungen f\u00fcr den Einsatz in Industrie, Fischerei und Landwirtschaft.<\/p>\n<p>Neben den genannten Produkten fertigen wir auch diverse Dekorationselemente nach Kundenwunsch, sowie Granulate, grob- und feingemahlenes Styropor\u00ae f\u00fcr die Herstellung von Thermoputzen und Leichtbeton.<\/p>\n<p>Alle W\u00e4rme- und Schalld\u00e4mmungsprodukte sind in Kroatien und der Europ\u00e4ischen Union sowie in unserem Werkslabor f\u00fcr Qualit\u00e4tskontrolle zertifiziert. 2005 wurde das Qualit\u00e4tsmanagementsystem ISO 9001 eingef\u00fchrt, 2006 wurde die CE-Kennzeichnung von Produkten eingef\u00fchrt.<\/p>\n<p>Die Nebent\u00e4tigkeit des Unternehmens ist der Verkauf von Handelswaren wie XPS, KOMBI-Platten, Abdichtungen und Grundmaterialien f\u00fcr den Fassadenbau.<\/p>\n<p>Wir verkaufen 85 % unserer Produkte im Inland und 15 % auf dem Markt der Europ\u00e4ischen Union. Mit einer neuen Produktionsst\u00e4tte und 30 Jahren Erfahrung im Management und technischen Personal im Bereich EPS, die unter der Aufsicht von BVQI, einem anerkannten Qualit\u00e4tsmanagementsystem, gem\u00e4\u00df der Norm ISO 9001:2000 stehen, k\u00f6nnen wir Ihnen das H\u00f6chste garantieren Qualit\u00e4t unserer Produkte und Dienstleistungen.[\/vc_column_text][\/vc_column][vc_column width=&#8220;1\/2&#8243;]<div id=\"cz_15000\" class=\"cz_15000 cz_image clr cz_image_no_fx center_on_mobile\"><div class=\"\" ><div class=\"cz_image_in\"><div class=\"cz_main_image\"><img decoding=\"async\" width=\"1600\" height=\"1067\" src=\"https:\/\/www.plastform.hr\/wp-content\/uploads\/2022\/03\/stiropor_o-nama.jpg\" class=\"attachment-full\" alt=\"\" title=\"stiropor_o nama\" srcset=\"https:\/\/www.plastform.hr\/wp-content\/uploads\/2022\/03\/stiropor_o-nama.jpg 1600w, https:\/\/www.plastform.hr\/wp-content\/uploads\/2022\/03\/stiropor_o-nama-300x200.jpg 300w, https:\/\/www.plastform.hr\/wp-content\/uploads\/2022\/03\/stiropor_o-nama-600x400.jpg 600w, https:\/\/www.plastform.hr\/wp-content\/uploads\/2022\/03\/stiropor_o-nama-1024x683.jpg 1024w, https:\/\/www.plastform.hr\/wp-content\/uploads\/2022\/03\/stiropor_o-nama-768x512.jpg 768w, https:\/\/www.plastform.hr\/wp-content\/uploads\/2022\/03\/stiropor_o-nama-1536x1024.jpg 1536w\" sizes=\"(max-width: 1600px) 100vw, 1600px\" \/><\/div><\/div><\/div><\/div>[\/vc_column][\/vc_row][vc_row][vc_column width=&#8220;1\/2&#8243;][vc_row_inner][vc_column_inner]<div id=\"cz_108114\" class=\"cz_108114 cz_title clr cz_title_pos_center tac\"><div class=\"cz_title_content\"><div class=\"cz_wpe_content\"><h3 style=\"text-align: center;\">Kroatisch<\/h3>\n<\/div><\/div><\/div>[\/vc_column_inner][vc_column_inner width=&#8220;1\/2&#8243;]<a href=\"https:\/\/www.plastform.hr\/wp-content\/uploads\/2023\/05\/ISO-9001-2015_hrv.pdf\"><div id=\"cz_72893\" class=\"cz_72893 cz_image clr cz_image_no_fx center_on_mobile\"><div class=\"\" ><div class=\"cz_image_in\"><div class=\"cz_main_image\"><img decoding=\"async\" width=\"650\" height=\"338\" src=\"https:\/\/www.plastform.hr\/wp-content\/uploads\/2022\/04\/ISO9001-cert.png\" class=\"attachment-full\" alt=\"\" title=\"ISO9001-cert\" srcset=\"https:\/\/www.plastform.hr\/wp-content\/uploads\/2022\/04\/ISO9001-cert.png 650w, https:\/\/www.plastform.hr\/wp-content\/uploads\/2022\/04\/ISO9001-cert-300x156.png 300w, https:\/\/www.plastform.hr\/wp-content\/uploads\/2022\/04\/ISO9001-cert-600x312.png 600w\" sizes=\"(max-width: 650px) 100vw, 650px\" \/><\/div><\/div><\/div><\/div><\/a>[\/vc_column_inner][vc_column_inner width=&#8220;1\/2&#8243;]<a href=\"https:\/\/www.plastform.hr\/wp-content\/uploads\/2023\/05\/ISO-14001-2015_hrv.pdf\"><div id=\"cz_12080\" class=\"cz_12080 cz_image clr cz_image_no_fx center_on_mobile\"><div class=\"\" ><div class=\"cz_image_in\"><div class=\"cz_main_image\"><img decoding=\"async\" width=\"650\" height=\"338\" src=\"https:\/\/www.plastform.hr\/wp-content\/uploads\/2022\/04\/ISO14001-cert-e1661413535841.png\" class=\"attachment-full\" alt=\"\" title=\"ISO14001-cert\" \/><\/div><\/div><\/div><\/div><\/a>[\/vc_column_inner][\/vc_row_inner][\/vc_column][vc_column width=&#8220;1\/2&#8243;][vc_row_inner][vc_column_inner]<div id=\"cz_55614\" class=\"cz_55614 cz_title clr cz_title_pos_center tac\"><div class=\"cz_title_content\"><div class=\"cz_wpe_content\"><h3 style=\"text-align: center;\">Englisch<\/h3>\n<\/div><\/div><\/div>[\/vc_column_inner][vc_column_inner width=&#8220;1\/2&#8243;]<a href=\"https:\/\/www.plastform.hr\/wp-content\/uploads\/2023\/05\/ISO-9001-2015_eng.pdf\"><div id=\"cz_93202\" class=\"cz_93202 cz_image clr cz_image_no_fx center_on_mobile\"><div class=\"\" ><div class=\"cz_image_in\"><div class=\"cz_main_image\"><img decoding=\"async\" width=\"650\" height=\"338\" src=\"https:\/\/www.plastform.hr\/wp-content\/uploads\/2022\/04\/ISO9001-cert.png\" class=\"attachment-full\" alt=\"\" title=\"ISO9001-cert\" srcset=\"https:\/\/www.plastform.hr\/wp-content\/uploads\/2022\/04\/ISO9001-cert.png 650w, https:\/\/www.plastform.hr\/wp-content\/uploads\/2022\/04\/ISO9001-cert-300x156.png 300w, https:\/\/www.plastform.hr\/wp-content\/uploads\/2022\/04\/ISO9001-cert-600x312.png 600w\" sizes=\"(max-width: 650px) 100vw, 650px\" \/><\/div><\/div><\/div><\/div><\/a>[\/vc_column_inner][vc_column_inner width=&#8220;1\/2&#8243;]<a href=\"https:\/\/www.plastform.hr\/wp-content\/uploads\/2023\/05\/ISO-14001-2015_eng.pdf\"><div id=\"cz_61999\" class=\"cz_61999 cz_image clr cz_image_no_fx center_on_mobile\"><div class=\"\" ><div class=\"cz_image_in\"><div class=\"cz_main_image\"><img decoding=\"async\" width=\"650\" height=\"338\" src=\"https:\/\/www.plastform.hr\/wp-content\/uploads\/2022\/04\/ISO14001-cert-e1661413535841.png\" class=\"attachment-full\" alt=\"\" title=\"ISO14001-cert\" \/><\/div><\/div><\/div><\/div><\/a>[\/vc_column_inner][vc_column_inner width=&#8220;1\/2&#8243;]<a href=\"https:\/\/www.plastform.hr\/wp-content\/uploads\/2025\/02\/Plastform-d.o.o-EPD-certificate-2025.pdf\"><div id=\"cz_102832\" class=\"cz_102832 cz_image clr cz_image_no_fx center_on_mobile\"><div class=\"\" ><div class=\"cz_image_in\"><div class=\"cz_main_image\"><img decoding=\"async\" width=\"414\" height=\"193\" src=\"https:\/\/www.plastform.hr\/wp-content\/uploads\/2023\/09\/BV_Certification_EPD.jpg\" class=\"attachment-full\" alt=\"\" title=\"BV_Certification_EPD\" srcset=\"https:\/\/www.plastform.hr\/wp-content\/uploads\/2023\/09\/BV_Certification_EPD.jpg 414w, https:\/\/www.plastform.hr\/wp-content\/uploads\/2023\/09\/BV_Certification_EPD-300x140.jpg 300w\" sizes=\"(max-width: 414px) 100vw, 414px\" \/><\/div><\/div><\/div><\/div><\/a>[\/vc_column_inner][\/vc_row_inner][\/vc_column][\/vc_row]<\/p>\n<\/section>","protected":false},"excerpt":{"rendered":"<p>[vc_row][vc_column width=&#8220;1\/2&#8243;][vc_column_text]Das Unternehmen Plastform d.o.o. wurde 1992 gegr\u00fcndet, und die Hauptt\u00e4tigkeit &#8230; <\/p>\n","protected":false},"author":2,"featured_media":0,"parent":0,"menu_order":0,"comment_status":"closed","ping_status":"closed","template":"","meta":{"footnotes":""},"class_list":["post-3684","page","type-page","status-publish","hentry"],"acf":[],"yoast_head":"<!-- This site is optimized with the Yoast SEO plugin v20.11 - https:\/\/yoast.com\/wordpress\/plugins\/seo\/ -->\n<title>\u00dcber uns - PLASTFORM d.o.o.<\/title>\n<meta name=\"robots\" content=\"index, follow, max-snippet:-1, max-image-preview:large, max-video-preview:-1\" \/>\n<link rel=\"canonical\" href=\"https:\/\/www.plastform.hr\/de\/ueber-uns\/\" \/>\n<meta property=\"og:locale\" content=\"de_DE\" \/>\n<meta property=\"og:type\" content=\"article\" \/>\n<meta property=\"og:title\" content=\"\u00dcber uns - PLASTFORM d.o.o.\" \/>\n<meta property=\"og:description\" content=\"[vc_row][vc_column width=&#8220;1\/2&#8243;][vc_column_text]Das Unternehmen Plastform d.o.o. wurde 1992 gegr\u00fcndet, und die Hauptt\u00e4tigkeit ...\" \/>\n<meta property=\"og:url\" content=\"https:\/\/www.plastform.hr\/de\/ueber-uns\/\" \/>\n<meta property=\"og:site_name\" content=\"PLASTFORM d.o.o.\" \/>\n<meta property=\"article:publisher\" content=\"https:\/\/www.facebook.com\/plastform.hr\/\" \/>\n<meta property=\"article:modified_time\" content=\"2025-02-07T13:13:24+00:00\" \/>\n<meta name=\"twitter:card\" content=\"summary_large_image\" \/>\n<meta name=\"twitter:label1\" content=\"Gesch\u00e4tzte Lesezeit\" \/>\n\t<meta name=\"twitter:data1\" content=\"2\u00a0Minuten\" \/>\n<script type=\"application\/ld+json\" class=\"yoast-schema-graph\">{\"@context\":\"https:\/\/schema.org\",\"@graph\":[{\"@type\":\"WebPage\",\"@id\":\"https:\/\/www.plastform.hr\/de\/ueber-uns\/\",\"url\":\"https:\/\/www.plastform.hr\/de\/ueber-uns\/\",\"name\":\"\u00dcber uns - PLASTFORM d.o.o.\",\"isPartOf\":{\"@id\":\"https:\/\/www.plastform.hr\/de\/#website\"},\"datePublished\":\"2022-03-28T10:42:16+00:00\",\"dateModified\":\"2025-02-07T13:13:24+00:00\",\"breadcrumb\":{\"@id\":\"https:\/\/www.plastform.hr\/de\/ueber-uns\/#breadcrumb\"},\"inLanguage\":\"de\",\"potentialAction\":[{\"@type\":\"ReadAction\",\"target\":[\"https:\/\/www.plastform.hr\/de\/ueber-uns\/\"]}]},{\"@type\":\"BreadcrumbList\",\"@id\":\"https:\/\/www.plastform.hr\/de\/ueber-uns\/#breadcrumb\",\"itemListElement\":[{\"@type\":\"ListItem\",\"position\":1,\"name\":\"Po\u010detna stranica\",\"item\":\"https:\/\/www.plastform.hr\/de\/\"},{\"@type\":\"ListItem\",\"position\":2,\"name\":\"\u00dcber uns\"}]},{\"@type\":\"WebSite\",\"@id\":\"https:\/\/www.plastform.hr\/de\/#website\",\"url\":\"https:\/\/www.plastform.hr\/de\/\",\"name\":\"PLASTFORM d.o.o.\",\"description\":\"Poduze\u0107e za preradu plasti\u010dnih masa, vanjsku i unutarnju trgovinu i zastupanje stranih tvrtki\",\"publisher\":{\"@id\":\"https:\/\/www.plastform.hr\/de\/#organization\"},\"potentialAction\":[{\"@type\":\"SearchAction\",\"target\":{\"@type\":\"EntryPoint\",\"urlTemplate\":\"https:\/\/www.plastform.hr\/de\/?s={search_term_string}\"},\"query-input\":\"required name=search_term_string\"}],\"inLanguage\":\"de\"},{\"@type\":\"Organization\",\"@id\":\"https:\/\/www.plastform.hr\/de\/#organization\",\"name\":\"PLASTFORM d.o.o.\",\"url\":\"https:\/\/www.plastform.hr\/de\/\",\"logo\":{\"@type\":\"ImageObject\",\"inLanguage\":\"de\",\"@id\":\"https:\/\/www.plastform.hr\/de\/#\/schema\/logo\/image\/\",\"url\":\"https:\/\/www.plastform.hr\/wp-content\/uploads\/2022\/02\/plastform-logo-png.png\",\"contentUrl\":\"https:\/\/www.plastform.hr\/wp-content\/uploads\/2022\/02\/plastform-logo-png.png\",\"width\":427,\"height\":76,\"caption\":\"PLASTFORM d.o.o.\"},\"image\":{\"@id\":\"https:\/\/www.plastform.hr\/de\/#\/schema\/logo\/image\/\"},\"sameAs\":[\"https:\/\/www.facebook.com\/plastform.hr\/\",\"https:\/\/www.instagram.com\/plastform_doo\/\",\"https:\/\/www.linkedin.com\/company\/plastform-d-o-o\"]}]}<\/script>\n<!-- \/ Yoast SEO plugin. -->","yoast_head_json":{"title":"\u00dcber uns - PLASTFORM d.o.o.","robots":{"index":"index","follow":"follow","max-snippet":"max-snippet:-1","max-image-preview":"max-image-preview:large","max-video-preview":"max-video-preview:-1"},"canonical":"https:\/\/www.plastform.hr\/de\/ueber-uns\/","og_locale":"de_DE","og_type":"article","og_title":"\u00dcber uns - PLASTFORM d.o.o.","og_description":"[vc_row][vc_column width=&#8220;1\/2&#8243;][vc_column_text]Das Unternehmen Plastform d.o.o. wurde 1992 gegr\u00fcndet, und die Hauptt\u00e4tigkeit ...","og_url":"https:\/\/www.plastform.hr\/de\/ueber-uns\/","og_site_name":"PLASTFORM d.o.o.","article_publisher":"https:\/\/www.facebook.com\/plastform.hr\/","article_modified_time":"2025-02-07T13:13:24+00:00","twitter_card":"summary_large_image","twitter_misc":{"Gesch\u00e4tzte Lesezeit":"2\u00a0Minuten"},"schema":{"@context":"https:\/\/schema.org","@graph":[{"@type":"WebPage","@id":"https:\/\/www.plastform.hr\/de\/ueber-uns\/","url":"https:\/\/www.plastform.hr\/de\/ueber-uns\/","name":"\u00dcber uns - PLASTFORM d.o.o.","isPartOf":{"@id":"https:\/\/www.plastform.hr\/de\/#website"},"datePublished":"2022-03-28T10:42:16+00:00","dateModified":"2025-02-07T13:13:24+00:00","breadcrumb":{"@id":"https:\/\/www.plastform.hr\/de\/ueber-uns\/#breadcrumb"},"inLanguage":"de","potentialAction":[{"@type":"ReadAction","target":["https:\/\/www.plastform.hr\/de\/ueber-uns\/"]}]},{"@type":"BreadcrumbList","@id":"https:\/\/www.plastform.hr\/de\/ueber-uns\/#breadcrumb","itemListElement":[{"@type":"ListItem","position":1,"name":"Po\u010detna stranica","item":"https:\/\/www.plastform.hr\/de\/"},{"@type":"ListItem","position":2,"name":"\u00dcber uns"}]},{"@type":"WebSite","@id":"https:\/\/www.plastform.hr\/de\/#website","url":"https:\/\/www.plastform.hr\/de\/","name":"PLASTFORM d.o.o.","description":"Poduze\u0107e za preradu plasti\u010dnih masa, vanjsku i unutarnju trgovinu i zastupanje stranih tvrtki","publisher":{"@id":"https:\/\/www.plastform.hr\/de\/#organization"},"potentialAction":[{"@type":"SearchAction","target":{"@type":"EntryPoint","urlTemplate":"https:\/\/www.plastform.hr\/de\/?s={search_term_string}"},"query-input":"required name=search_term_string"}],"inLanguage":"de"},{"@type":"Organization","@id":"https:\/\/www.plastform.hr\/de\/#organization","name":"PLASTFORM d.o.o.","url":"https:\/\/www.plastform.hr\/de\/","logo":{"@type":"ImageObject","inLanguage":"de","@id":"https:\/\/www.plastform.hr\/de\/#\/schema\/logo\/image\/","url":"https:\/\/www.plastform.hr\/wp-content\/uploads\/2022\/02\/plastform-logo-png.png","contentUrl":"https:\/\/www.plastform.hr\/wp-content\/uploads\/2022\/02\/plastform-logo-png.png","width":427,"height":76,"caption":"PLASTFORM d.o.o."},"image":{"@id":"https:\/\/www.plastform.hr\/de\/#\/schema\/logo\/image\/"},"sameAs":["https:\/\/www.facebook.com\/plastform.hr\/","https:\/\/www.instagram.com\/plastform_doo\/","https:\/\/www.linkedin.com\/company\/plastform-d-o-o"]}]}},"_links":{"self":[{"href":"https:\/\/www.plastform.hr\/de\/wp-json\/wp\/v2\/pages\/3684","targetHints":{"allow":["GET"]}}],"collection":[{"href":"https:\/\/www.plastform.hr\/de\/wp-json\/wp\/v2\/pages"}],"about":[{"href":"https:\/\/www.plastform.hr\/de\/wp-json\/wp\/v2\/types\/page"}],"author":[{"embeddable":true,"href":"https:\/\/www.plastform.hr\/de\/wp-json\/wp\/v2\/users\/2"}],"replies":[{"embeddable":true,"href":"https:\/\/www.plastform.hr\/de\/wp-json\/wp\/v2\/comments?post=3684"}],"version-history":[{"count":7,"href":"https:\/\/www.plastform.hr\/de\/wp-json\/wp\/v2\/pages\/3684\/revisions"}],"predecessor-version":[{"id":5272,"href":"https:\/\/www.plastform.hr\/de\/wp-json\/wp\/v2\/pages\/3684\/revisions\/5272"}],"wp:attachment":[{"href":"https:\/\/www.plastform.hr\/de\/wp-json\/wp\/v2\/media?parent=3684"}],"curies":[{"name":"wp","href":"https:\/\/api.w.org\/{rel}","templated":true}]}}