{"id":3676,"date":"2022-03-28T12:46:47","date_gmt":"2022-03-28T10:46:47","guid":{"rendered":"https:\/\/www.plastform.hr\/kvaliteta-i-zastita-okolisa\/"},"modified":"2022-07-18T13:46:32","modified_gmt":"2022-07-18T11:46:32","slug":"umweltschutz","status":"publish","type":"page","link":"https:\/\/www.plastform.hr\/de\/umweltschutz\/","title":{"rendered":"Umweltschutz"},"content":{"rendered":"<section class=\"wpb-content-wrapper\"><p>[vc_row][vc_column][vc_column_text]<\/p>\n<h3><span style=\"color: #000000;\">EINSPARUNG UND \u00d6KOLOGIE<\/span><\/h3>\n<p>[\/vc_column_text][vc_column_text]<\/p>\n<p class=\"first-item\">Der Anteil an der gesamten Menge des verbrauchten fossilen Brennstoffs f\u00fcr die Heizung und K\u00fchlung des Wohn- und Arbeitsbereichs ist nicht zu vernachl\u00e4ssigen. Bis vor kurzem hat man der W\u00e4rmed\u00e4mmung von Wohn- und Gesch\u00e4ftsobjekten keine Aufmerksamkeit gewidmet, wegen der niedrigen Preise von fossilen Brennstoffen und der allgemein akzeptierten Meinung, dass ihr Einsatz keine sch\u00e4dlichen Auswirkungen auf die Umwelt hat.<\/p>\n<p>Leider sind wir selbst die Zeugen des Klimawechsels, bzw. des Treibhauseffekts, der die Folge der Ausl\u00f6sung von \u00fcberm\u00e4\u00dfigen Mengen von CO2 in die Atmosph\u00e4re ist.<\/p>\n<p>Der einfachste Weg f\u00fcr die Minderung von CO2-Emissionen ist die Energiemenge, die f\u00fcr die Heizung und K\u00fchlung erforderlich ist, zu reduzieren. Dies ist m\u00f6glich durch die W\u00e4rmed\u00e4mmung von Wohn- und Gesch\u00e4ftsobjekten zu erreichen, womit wir nicht nur die Menge der Emission von CO2 in die Atmosph\u00e4re verringert haben, sondern wir haben auch eine kleinere Menge der verbrauchten Energie gespart.[\/vc_column_text][\/vc_column][\/vc_row][vc_row][vc_column][vc_column_text]<\/p>\n<h3><span style=\"color: #000000;\">EPS UND \u00d6KOLOGIE<\/span><\/h3>\n<p>[\/vc_column_text][\/vc_column][vc_column width=&#8220;5\/6&#8243;][vc_column_text]<\/p>\n<p class=\"first-item\">EPS stellt eine elegante L\u00f6sung f\u00fcr die Thermoisolierung dar. Warum? Erstens, weil er im Vergleich zu anderen W\u00e4rmed\u00e4mmstoffen billiger ist und weil er bessere W\u00e4rmed\u00e4mmungseigenschaften hat.<\/p>\n<p>EPS ist nicht toxisch, weil es keine Kohlenwasserstoffe enth\u00e4lt (wie Fluor und Chlor), die durch halogene Elemente substituiert sind. Durch seine Nutzung spart man viel mehr Energie als f\u00fcr seine Herstellung ben\u00f6tigt wird.<\/p>\n<p>Durch die Nutzung von EPS als W\u00e4rmed\u00e4mmung wird direkt die Energiemenge beeinflusst, die f\u00fcr die Heizung und K\u00fchlung von R\u00e4umen ben\u00f6tigt wird, und dies bedeutet, dass wir mit der besseren Isolierung den Verbrauch des Brennstoffs vermindern, der f\u00fcr die Heizung und K\u00fchlung von R\u00e4umen erforderlich ist. Wir k\u00f6nnen sagen, dass wir durch die Nutzung von EPS als W\u00e4rmed\u00e4mmung indirekt die Minderung der Emission von CO2 in die Umwelt beeinflussen und dadurch das Geld sparen und die UMWELT SCH\u00dcTZEN.<\/p>\n<p>EPS ist das Material, das zu 100% wiederverwertbar ist. EPS verfault nicht, verschimmelt nicht, f\u00f6rdert nicht das Wachstum von Mikroorganismen und zerf\u00e4llt nicht.<\/p>\n<p>Das Unternehmen Plastform d.o.o. ist das erste Unternehmen in Kroatien, welches die Genehmigung f\u00fcr die mechanische Wiederverwertung (Recycling) der EPS-Verpackung hat. Deswegen bitten wir Sie, falls in Ihrer Umgebung ein Ort f\u00fcr das Sammeln von EPS f\u00fcr das Recycling existiert, Sie das EPS nicht auf die Stellen wegwerfen, die daf\u00fcr nicht vorgesehen sind, sondern dass Sie uns in der Verwirklichung des gemeinsamen Ziels helfen, und dies ist der Schutz unserer gemeinsamen Umwelt.<\/p>\n<p>Aus diesem Grund kann mit Recht gesagt werden, dass EPS (Styropor) keine negativen Auswirkungen auf die Umwelt hat. Es ist, im Gegenteil, wegen seiner prim\u00e4ren Anwendung im Bauwesen, und dies ist die Einsparung von Energietr\u00e4gern, sowie wegen der M\u00f6glichkeit seines einfachen Recyclings, einer der wichtigsten Faktoren im Umweltschutz[\/vc_column_text][\/vc_column][vc_column width=&#8220;1\/6&#8243;]<div id=\"cz_19467\" class=\"cz_19467 cz_image clr cz_image_no_fx center_on_mobile\"><div class=\"\" ><div class=\"cz_image_in\"><div class=\"cz_main_image\"><img decoding=\"async\" width=\"238\" height=\"449\" src=\"https:\/\/www.plastform.hr\/wp-content\/uploads\/2022\/07\/drvo.jpg\" class=\"attachment-full\" alt=\"\" title=\"drvo\" srcset=\"https:\/\/www.plastform.hr\/wp-content\/uploads\/2022\/07\/drvo.jpg 238w, https:\/\/www.plastform.hr\/wp-content\/uploads\/2022\/07\/drvo-159x300.jpg 159w\" sizes=\"(max-width: 238px) 100vw, 238px\" \/><\/div><\/div><\/div><\/div>[\/vc_column][\/vc_row]<\/p>\n<\/section>","protected":false},"excerpt":{"rendered":"<p>[vc_row][vc_column][vc_column_text] EINSPARUNG UND \u00d6KOLOGIE [\/vc_column_text][vc_column_text] Der Anteil an der gesamten Menge &#8230; <\/p>\n","protected":false},"author":2,"featured_media":0,"parent":0,"menu_order":0,"comment_status":"closed","ping_status":"closed","template":"","meta":{"footnotes":""},"class_list":["post-3676","page","type-page","status-publish","hentry"],"acf":[],"yoast_head":"<!-- This site is optimized with the Yoast SEO plugin v20.11 - https:\/\/yoast.com\/wordpress\/plugins\/seo\/ -->\n<title>Umweltschutz - PLASTFORM d.o.o.<\/title>\n<meta name=\"robots\" content=\"index, follow, max-snippet:-1, max-image-preview:large, max-video-preview:-1\" \/>\n<link rel=\"canonical\" href=\"https:\/\/www.plastform.hr\/de\/umweltschutz\/\" \/>\n<meta property=\"og:locale\" content=\"de_DE\" \/>\n<meta property=\"og:type\" content=\"article\" \/>\n<meta property=\"og:title\" content=\"Umweltschutz - PLASTFORM d.o.o.\" \/>\n<meta property=\"og:description\" content=\"[vc_row][vc_column][vc_column_text] EINSPARUNG UND \u00d6KOLOGIE [\/vc_column_text][vc_column_text] Der Anteil an der gesamten Menge ...\" \/>\n<meta property=\"og:url\" content=\"https:\/\/www.plastform.hr\/de\/umweltschutz\/\" \/>\n<meta property=\"og:site_name\" content=\"PLASTFORM d.o.o.\" \/>\n<meta property=\"article:publisher\" content=\"https:\/\/www.facebook.com\/plastform.hr\/\" \/>\n<meta property=\"article:modified_time\" content=\"2022-07-18T11:46:32+00:00\" \/>\n<meta name=\"twitter:card\" content=\"summary_large_image\" \/>\n<meta name=\"twitter:label1\" content=\"Gesch\u00e4tzte Lesezeit\" \/>\n\t<meta name=\"twitter:data1\" content=\"3\u00a0Minuten\" \/>\n<script type=\"application\/ld+json\" class=\"yoast-schema-graph\">{\"@context\":\"https:\/\/schema.org\",\"@graph\":[{\"@type\":\"WebPage\",\"@id\":\"https:\/\/www.plastform.hr\/de\/umweltschutz\/\",\"url\":\"https:\/\/www.plastform.hr\/de\/umweltschutz\/\",\"name\":\"Umweltschutz - PLASTFORM d.o.o.\",\"isPartOf\":{\"@id\":\"https:\/\/www.plastform.hr\/de\/#website\"},\"datePublished\":\"2022-03-28T10:46:47+00:00\",\"dateModified\":\"2022-07-18T11:46:32+00:00\",\"breadcrumb\":{\"@id\":\"https:\/\/www.plastform.hr\/de\/umweltschutz\/#breadcrumb\"},\"inLanguage\":\"de\",\"potentialAction\":[{\"@type\":\"ReadAction\",\"target\":[\"https:\/\/www.plastform.hr\/de\/umweltschutz\/\"]}]},{\"@type\":\"BreadcrumbList\",\"@id\":\"https:\/\/www.plastform.hr\/de\/umweltschutz\/#breadcrumb\",\"itemListElement\":[{\"@type\":\"ListItem\",\"position\":1,\"name\":\"Po\u010detna stranica\",\"item\":\"https:\/\/www.plastform.hr\/de\/\"},{\"@type\":\"ListItem\",\"position\":2,\"name\":\"Umweltschutz\"}]},{\"@type\":\"WebSite\",\"@id\":\"https:\/\/www.plastform.hr\/de\/#website\",\"url\":\"https:\/\/www.plastform.hr\/de\/\",\"name\":\"PLASTFORM d.o.o.\",\"description\":\"Poduze\u0107e za preradu plasti\u010dnih masa, vanjsku i unutarnju trgovinu i zastupanje stranih tvrtki\",\"publisher\":{\"@id\":\"https:\/\/www.plastform.hr\/de\/#organization\"},\"potentialAction\":[{\"@type\":\"SearchAction\",\"target\":{\"@type\":\"EntryPoint\",\"urlTemplate\":\"https:\/\/www.plastform.hr\/de\/?s={search_term_string}\"},\"query-input\":\"required name=search_term_string\"}],\"inLanguage\":\"de\"},{\"@type\":\"Organization\",\"@id\":\"https:\/\/www.plastform.hr\/de\/#organization\",\"name\":\"PLASTFORM d.o.o.\",\"url\":\"https:\/\/www.plastform.hr\/de\/\",\"logo\":{\"@type\":\"ImageObject\",\"inLanguage\":\"de\",\"@id\":\"https:\/\/www.plastform.hr\/de\/#\/schema\/logo\/image\/\",\"url\":\"https:\/\/www.plastform.hr\/wp-content\/uploads\/2022\/02\/plastform-logo-png.png\",\"contentUrl\":\"https:\/\/www.plastform.hr\/wp-content\/uploads\/2022\/02\/plastform-logo-png.png\",\"width\":427,\"height\":76,\"caption\":\"PLASTFORM d.o.o.\"},\"image\":{\"@id\":\"https:\/\/www.plastform.hr\/de\/#\/schema\/logo\/image\/\"},\"sameAs\":[\"https:\/\/www.facebook.com\/plastform.hr\/\",\"https:\/\/www.instagram.com\/plastform_doo\/\",\"https:\/\/www.linkedin.com\/company\/plastform-d-o-o\"]}]}<\/script>\n<!-- \/ Yoast SEO plugin. -->","yoast_head_json":{"title":"Umweltschutz - PLASTFORM d.o.o.","robots":{"index":"index","follow":"follow","max-snippet":"max-snippet:-1","max-image-preview":"max-image-preview:large","max-video-preview":"max-video-preview:-1"},"canonical":"https:\/\/www.plastform.hr\/de\/umweltschutz\/","og_locale":"de_DE","og_type":"article","og_title":"Umweltschutz - PLASTFORM d.o.o.","og_description":"[vc_row][vc_column][vc_column_text] EINSPARUNG UND \u00d6KOLOGIE [\/vc_column_text][vc_column_text] Der Anteil an der gesamten Menge ...","og_url":"https:\/\/www.plastform.hr\/de\/umweltschutz\/","og_site_name":"PLASTFORM d.o.o.","article_publisher":"https:\/\/www.facebook.com\/plastform.hr\/","article_modified_time":"2022-07-18T11:46:32+00:00","twitter_card":"summary_large_image","twitter_misc":{"Gesch\u00e4tzte Lesezeit":"3\u00a0Minuten"},"schema":{"@context":"https:\/\/schema.org","@graph":[{"@type":"WebPage","@id":"https:\/\/www.plastform.hr\/de\/umweltschutz\/","url":"https:\/\/www.plastform.hr\/de\/umweltschutz\/","name":"Umweltschutz - PLASTFORM d.o.o.","isPartOf":{"@id":"https:\/\/www.plastform.hr\/de\/#website"},"datePublished":"2022-03-28T10:46:47+00:00","dateModified":"2022-07-18T11:46:32+00:00","breadcrumb":{"@id":"https:\/\/www.plastform.hr\/de\/umweltschutz\/#breadcrumb"},"inLanguage":"de","potentialAction":[{"@type":"ReadAction","target":["https:\/\/www.plastform.hr\/de\/umweltschutz\/"]}]},{"@type":"BreadcrumbList","@id":"https:\/\/www.plastform.hr\/de\/umweltschutz\/#breadcrumb","itemListElement":[{"@type":"ListItem","position":1,"name":"Po\u010detna stranica","item":"https:\/\/www.plastform.hr\/de\/"},{"@type":"ListItem","position":2,"name":"Umweltschutz"}]},{"@type":"WebSite","@id":"https:\/\/www.plastform.hr\/de\/#website","url":"https:\/\/www.plastform.hr\/de\/","name":"PLASTFORM d.o.o.","description":"Poduze\u0107e za preradu plasti\u010dnih masa, vanjsku i unutarnju trgovinu i zastupanje stranih tvrtki","publisher":{"@id":"https:\/\/www.plastform.hr\/de\/#organization"},"potentialAction":[{"@type":"SearchAction","target":{"@type":"EntryPoint","urlTemplate":"https:\/\/www.plastform.hr\/de\/?s={search_term_string}"},"query-input":"required name=search_term_string"}],"inLanguage":"de"},{"@type":"Organization","@id":"https:\/\/www.plastform.hr\/de\/#organization","name":"PLASTFORM d.o.o.","url":"https:\/\/www.plastform.hr\/de\/","logo":{"@type":"ImageObject","inLanguage":"de","@id":"https:\/\/www.plastform.hr\/de\/#\/schema\/logo\/image\/","url":"https:\/\/www.plastform.hr\/wp-content\/uploads\/2022\/02\/plastform-logo-png.png","contentUrl":"https:\/\/www.plastform.hr\/wp-content\/uploads\/2022\/02\/plastform-logo-png.png","width":427,"height":76,"caption":"PLASTFORM d.o.o."},"image":{"@id":"https:\/\/www.plastform.hr\/de\/#\/schema\/logo\/image\/"},"sameAs":["https:\/\/www.facebook.com\/plastform.hr\/","https:\/\/www.instagram.com\/plastform_doo\/","https:\/\/www.linkedin.com\/company\/plastform-d-o-o"]}]}},"_links":{"self":[{"href":"https:\/\/www.plastform.hr\/de\/wp-json\/wp\/v2\/pages\/3676","targetHints":{"allow":["GET"]}}],"collection":[{"href":"https:\/\/www.plastform.hr\/de\/wp-json\/wp\/v2\/pages"}],"about":[{"href":"https:\/\/www.plastform.hr\/de\/wp-json\/wp\/v2\/types\/page"}],"author":[{"embeddable":true,"href":"https:\/\/www.plastform.hr\/de\/wp-json\/wp\/v2\/users\/2"}],"replies":[{"embeddable":true,"href":"https:\/\/www.plastform.hr\/de\/wp-json\/wp\/v2\/comments?post=3676"}],"version-history":[{"count":7,"href":"https:\/\/www.plastform.hr\/de\/wp-json\/wp\/v2\/pages\/3676\/revisions"}],"predecessor-version":[{"id":3955,"href":"https:\/\/www.plastform.hr\/de\/wp-json\/wp\/v2\/pages\/3676\/revisions\/3955"}],"wp:attachment":[{"href":"https:\/\/www.plastform.hr\/de\/wp-json\/wp\/v2\/media?parent=3676"}],"curies":[{"name":"wp","href":"https:\/\/api.w.org\/{rel}","templated":true}]}}