{"id":3664,"date":"2022-03-28T12:43:36","date_gmt":"2022-03-28T10:43:36","guid":{"rendered":"https:\/\/www.plastform.hr\/novosti-2\/"},"modified":"2022-07-15T12:10:27","modified_gmt":"2022-07-15T10:10:27","slug":"nachrichten","status":"publish","type":"page","link":"https:\/\/www.plastform.hr\/de\/nachrichten\/","title":{"rendered":"Nachrichten"},"content":{"rendered":"<section class=\"wpb-content-wrapper\"><p>[vc_row][vc_column]<div id=\"cz_46623\" class=\"cz_46623\"><div class=\"cz_grid cz_grid_1 clr cz_grid_c4 cz_grid_1_title_sub_after cz_grid_1_no_hover cz_grid_1_bot tal\" data-atts='{\"action\":\"cz_ajax_posts\",\"post_class\":\"cz_grid_item\",\"post__in\":null,\"author__in\":null,\"nonce\":\"bf82d1ecaa\",\"nonce_id\":\"cz_46623\",\"loadmore_end\":\"Not found more posts\",\"layout\":\"cz_grid_c4\",\"hover\":\"cz_grid_1_title_sub_after cz_grid_1_no_hover\",\"image_size\":\"codevz_600_600\",\"subtitles\":\"%5B%7B%22t%22%3A%22date%22%7D%5D\",\"subtitle_pos\":\"\",\"icon\":\"fa fa-search\",\"el\":\"\",\"title_lenght\":\"\",\"cat_tax\":\"category\",\"cat\":\"25\",\"cat_exclude\":\"\",\"tag_tax\":\"post_tag\",\"tag_id\":\"\",\"tag_exclude\":\"\",\"post_type\":\"page\",\"posts_per_page\":\"\",\"order\":\"DESC\",\"orderby\":\"date\",\"tilt_data\":null,\"svg_sizes\":[\"600\",\"600\"],\"img_fx\":\"\",\"custom_size\":\"\",\"excerpt_rm\":false,\"title_tag\":\"h3\",\"s\":\"\",\"lang\":\"de\"}'><div class=\"cz_grid_item cz_grid_first\"><\/div><div data-id=\"4792\" class=\"cz_grid_item  cz_posts_list_even post-4792 post type-post status-publish format-standard has-post-thumbnail hentry category-nachrichten-de\"><div class=\"clr\"><a class=\"cz_grid_link\" href=\"https:\/\/www.plastform.hr\/de\/werbevideo-plastform-doo-geschichte-und-zukunft-der-eps-produktion-styropor-in-kroatien-1992-2023\/\" title=\"Werbevideo \u201ePlastform doo, Geschichte und Zukunft der EPS-Produktion (Styropor) in Kroatien, 1992 \u2013 2023.\u201c\"><img decoding=\"async\" width=\"600\" height=\"600\" src=\"https:\/\/www.plastform.hr\/wp-content\/uploads\/2023\/07\/news-plastform-600x600.jpg\" class=\"attachment-codevz_600_600\" alt=\"\" title=\"Painter cuts styrofoam\" srcset=\"https:\/\/www.plastform.hr\/wp-content\/uploads\/2023\/07\/news-plastform-600x600.jpg 600w, https:\/\/www.plastform.hr\/wp-content\/uploads\/2023\/07\/news-plastform-150x150.jpg 150w, https:\/\/www.plastform.hr\/wp-content\/uploads\/2023\/07\/news-plastform-100x100.jpg 100w\" sizes=\"(max-width: 600px) 100vw, 600px\" \/><div class=\"cz_grid_details\"><i class=\"fa fa-search cz_grid_icon\"><\/i><\/div><\/a><div class=\"cz_grid_details cz_grid_details_outside\"><a class=\"cz_grid_title\" href=\"https:\/\/www.plastform.hr\/de\/werbevideo-plastform-doo-geschichte-und-zukunft-der-eps-produktion-styropor-in-kroatien-1992-2023\/\"><h3>Werbevideo \u201ePlastform doo, Geschichte und Zukunft der EPS-Produktion (Styropor) in Kroatien, 1992 \u2013 2023.\u201c<\/h3><\/a><small class=\"clr\"><span class=\"cz_post_data cz_data_date\"><a href=\"https:\/\/www.plastform.hr\/de\/werbevideo-plastform-doo-geschichte-und-zukunft-der-eps-produktion-styropor-in-kroatien-1992-2023\/\">Juli 21, 2023<\/a><\/span><\/small><\/div><\/div><\/div><div data-id=\"4172\" class=\"cz_grid_item  cz_posts_list_odd post-4172 post type-post status-publish format-standard has-post-thumbnail hentry category-nachrichten-de\"><div class=\"clr\"><a class=\"cz_grid_link\" href=\"https:\/\/www.plastform.hr\/de\/erfolgreiche-rezertifizierung\/\" title=\"ERFOLGREICHE REZERTIFIZIERUNG\"><img decoding=\"async\" width=\"600\" height=\"600\" src=\"https:\/\/www.plastform.hr\/wp-content\/uploads\/2022\/04\/pakiranje1-600x600.jpg\" class=\"attachment-codevz_600_600\" alt=\"\" title=\"pakiranje1\" srcset=\"https:\/\/www.plastform.hr\/wp-content\/uploads\/2022\/04\/pakiranje1-600x600.jpg 600w, https:\/\/www.plastform.hr\/wp-content\/uploads\/2022\/04\/pakiranje1-150x150.jpg 150w, https:\/\/www.plastform.hr\/wp-content\/uploads\/2022\/04\/pakiranje1-100x100.jpg 100w\" sizes=\"(max-width: 600px) 100vw, 600px\" \/><div class=\"cz_grid_details\"><i class=\"fa fa-search cz_grid_icon\"><\/i><\/div><\/a><div class=\"cz_grid_details cz_grid_details_outside\"><a class=\"cz_grid_title\" href=\"https:\/\/www.plastform.hr\/de\/erfolgreiche-rezertifizierung\/\"><h3>ERFOLGREICHE REZERTIFIZIERUNG<\/h3><\/a><small class=\"clr\"><span class=\"cz_post_data cz_data_date\"><a href=\"https:\/\/www.plastform.hr\/de\/erfolgreiche-rezertifizierung\/\">April 4, 2012<\/a><\/span><\/small><\/div><\/div><\/div><div data-id=\"4169\" class=\"cz_grid_item  cz_posts_list_even post-4169 post type-post status-publish format-standard has-post-thumbnail hentry category-nachrichten-de\"><div class=\"clr\"><a class=\"cz_grid_link\" href=\"https:\/\/www.plastform.hr\/de\/wir-spendeten-ein-ctg-geraet-im-wert-von-50-000-fuer-die-abteilung-fuer-geburtshilfe-und-gynaekologie-in-petrova-strasse\/\" title=\"Wir spendeten ein CTG -Ger\u00e4t im Wert von 50.000 f\u00fcr die Abteilung f\u00fcr Geburtshilfe und Gyn\u00e4kologie in Petrova Stra\u00dfe.\"><img decoding=\"async\" width=\"600\" height=\"600\" src=\"https:\/\/www.plastform.hr\/wp-content\/uploads\/2022\/04\/0047-600x600.jpg\" class=\"attachment-codevz_600_600\" alt=\"\" title=\"0047\" srcset=\"https:\/\/www.plastform.hr\/wp-content\/uploads\/2022\/04\/0047-600x600.jpg 600w, https:\/\/www.plastform.hr\/wp-content\/uploads\/2022\/04\/0047-150x150.jpg 150w, https:\/\/www.plastform.hr\/wp-content\/uploads\/2022\/04\/0047-100x100.jpg 100w\" sizes=\"(max-width: 600px) 100vw, 600px\" \/><div class=\"cz_grid_details\"><i class=\"fa fa-search cz_grid_icon\"><\/i><\/div><\/a><div class=\"cz_grid_details cz_grid_details_outside\"><a class=\"cz_grid_title\" href=\"https:\/\/www.plastform.hr\/de\/wir-spendeten-ein-ctg-geraet-im-wert-von-50-000-fuer-die-abteilung-fuer-geburtshilfe-und-gynaekologie-in-petrova-strasse\/\"><h3>Wir spendeten ein CTG -Ger\u00e4t im Wert von 50.000 f\u00fcr die Abteilung f\u00fcr Geburtshilfe und Gyn\u00e4kologie in Petrova Stra\u00dfe.<\/h3><\/a><small class=\"clr\"><span class=\"cz_post_data cz_data_date\"><a href=\"https:\/\/www.plastform.hr\/de\/wir-spendeten-ein-ctg-geraet-im-wert-von-50-000-fuer-die-abteilung-fuer-geburtshilfe-und-gynaekologie-in-petrova-strasse\/\">Februar 6, 2009<\/a><\/span><\/small><\/div><\/div><\/div><\/div><\/div>[\/vc_column][\/vc_row]<\/p>\n<\/section>","protected":false},"excerpt":{"rendered":"<p>[vc_row][vc_column][\/vc_column][\/vc_row] &#8230; <a class=\"cz_readmore\" href=\"https:\/\/www.plastform.hr\/de\/wir-spendeten-ein-ctg-geraet-im-wert-von-50-000-fuer-die-abteilung-fuer-geburtshilfe-und-gynaekologie-in-petrova-strasse\/\"><i class=\"fa fa-angle-right\" aria-hidden=\"true\"><\/i><span>Read More<\/span><\/a><\/p>\n","protected":false},"author":2,"featured_media":0,"parent":0,"menu_order":0,"comment_status":"closed","ping_status":"closed","template":"","meta":{"footnotes":""},"class_list":["post-3664","page","type-page","status-publish","hentry"],"acf":[],"yoast_head":"<!-- This site is optimized with the Yoast SEO plugin v20.11 - https:\/\/yoast.com\/wordpress\/plugins\/seo\/ -->\n<title>Nachrichten - PLASTFORM d.o.o.<\/title>\n<meta name=\"robots\" content=\"index, follow, max-snippet:-1, max-image-preview:large, max-video-preview:-1\" \/>\n<link rel=\"canonical\" href=\"https:\/\/www.plastform.hr\/de\/nachrichten\/\" \/>\n<meta property=\"og:locale\" content=\"de_DE\" \/>\n<meta property=\"og:type\" content=\"article\" \/>\n<meta property=\"og:title\" content=\"Nachrichten - PLASTFORM d.o.o.\" \/>\n<meta property=\"og:description\" content=\"[vc_row][vc_column][\/vc_column][\/vc_row] ... Read More\" \/>\n<meta property=\"og:url\" content=\"https:\/\/www.plastform.hr\/de\/nachrichten\/\" \/>\n<meta property=\"og:site_name\" content=\"PLASTFORM d.o.o.\" \/>\n<meta property=\"article:publisher\" content=\"https:\/\/www.facebook.com\/plastform.hr\/\" \/>\n<meta property=\"article:modified_time\" content=\"2022-07-15T10:10:27+00:00\" \/>\n<meta name=\"twitter:card\" content=\"summary_large_image\" \/>\n<script type=\"application\/ld+json\" class=\"yoast-schema-graph\">{\"@context\":\"https:\/\/schema.org\",\"@graph\":[{\"@type\":\"WebPage\",\"@id\":\"https:\/\/www.plastform.hr\/de\/nachrichten\/\",\"url\":\"https:\/\/www.plastform.hr\/de\/nachrichten\/\",\"name\":\"Nachrichten - PLASTFORM d.o.o.\",\"isPartOf\":{\"@id\":\"https:\/\/www.plastform.hr\/de\/#website\"},\"datePublished\":\"2022-03-28T10:43:36+00:00\",\"dateModified\":\"2022-07-15T10:10:27+00:00\",\"breadcrumb\":{\"@id\":\"https:\/\/www.plastform.hr\/de\/nachrichten\/#breadcrumb\"},\"inLanguage\":\"de\",\"potentialAction\":[{\"@type\":\"ReadAction\",\"target\":[\"https:\/\/www.plastform.hr\/de\/nachrichten\/\"]}]},{\"@type\":\"BreadcrumbList\",\"@id\":\"https:\/\/www.plastform.hr\/de\/nachrichten\/#breadcrumb\",\"itemListElement\":[{\"@type\":\"ListItem\",\"position\":1,\"name\":\"Po\u010detna stranica\",\"item\":\"https:\/\/www.plastform.hr\/de\/\"},{\"@type\":\"ListItem\",\"position\":2,\"name\":\"Nachrichten\"}]},{\"@type\":\"WebSite\",\"@id\":\"https:\/\/www.plastform.hr\/de\/#website\",\"url\":\"https:\/\/www.plastform.hr\/de\/\",\"name\":\"PLASTFORM d.o.o.\",\"description\":\"Poduze\u0107e za preradu plasti\u010dnih masa, vanjsku i unutarnju trgovinu i zastupanje stranih tvrtki\",\"publisher\":{\"@id\":\"https:\/\/www.plastform.hr\/de\/#organization\"},\"potentialAction\":[{\"@type\":\"SearchAction\",\"target\":{\"@type\":\"EntryPoint\",\"urlTemplate\":\"https:\/\/www.plastform.hr\/de\/?s={search_term_string}\"},\"query-input\":\"required name=search_term_string\"}],\"inLanguage\":\"de\"},{\"@type\":\"Organization\",\"@id\":\"https:\/\/www.plastform.hr\/de\/#organization\",\"name\":\"PLASTFORM d.o.o.\",\"url\":\"https:\/\/www.plastform.hr\/de\/\",\"logo\":{\"@type\":\"ImageObject\",\"inLanguage\":\"de\",\"@id\":\"https:\/\/www.plastform.hr\/de\/#\/schema\/logo\/image\/\",\"url\":\"https:\/\/www.plastform.hr\/wp-content\/uploads\/2022\/02\/plastform-logo-png.png\",\"contentUrl\":\"https:\/\/www.plastform.hr\/wp-content\/uploads\/2022\/02\/plastform-logo-png.png\",\"width\":427,\"height\":76,\"caption\":\"PLASTFORM d.o.o.\"},\"image\":{\"@id\":\"https:\/\/www.plastform.hr\/de\/#\/schema\/logo\/image\/\"},\"sameAs\":[\"https:\/\/www.facebook.com\/plastform.hr\/\",\"https:\/\/www.instagram.com\/plastform_doo\/\",\"https:\/\/www.linkedin.com\/company\/plastform-d-o-o\"]}]}<\/script>\n<!-- \/ Yoast SEO plugin. -->","yoast_head_json":{"title":"Nachrichten - PLASTFORM d.o.o.","robots":{"index":"index","follow":"follow","max-snippet":"max-snippet:-1","max-image-preview":"max-image-preview:large","max-video-preview":"max-video-preview:-1"},"canonical":"https:\/\/www.plastform.hr\/de\/nachrichten\/","og_locale":"de_DE","og_type":"article","og_title":"Nachrichten - PLASTFORM d.o.o.","og_description":"[vc_row][vc_column][\/vc_column][\/vc_row] ... Read More","og_url":"https:\/\/www.plastform.hr\/de\/nachrichten\/","og_site_name":"PLASTFORM d.o.o.","article_publisher":"https:\/\/www.facebook.com\/plastform.hr\/","article_modified_time":"2022-07-15T10:10:27+00:00","twitter_card":"summary_large_image","schema":{"@context":"https:\/\/schema.org","@graph":[{"@type":"WebPage","@id":"https:\/\/www.plastform.hr\/de\/nachrichten\/","url":"https:\/\/www.plastform.hr\/de\/nachrichten\/","name":"Nachrichten - PLASTFORM d.o.o.","isPartOf":{"@id":"https:\/\/www.plastform.hr\/de\/#website"},"datePublished":"2022-03-28T10:43:36+00:00","dateModified":"2022-07-15T10:10:27+00:00","breadcrumb":{"@id":"https:\/\/www.plastform.hr\/de\/nachrichten\/#breadcrumb"},"inLanguage":"de","potentialAction":[{"@type":"ReadAction","target":["https:\/\/www.plastform.hr\/de\/nachrichten\/"]}]},{"@type":"BreadcrumbList","@id":"https:\/\/www.plastform.hr\/de\/nachrichten\/#breadcrumb","itemListElement":[{"@type":"ListItem","position":1,"name":"Po\u010detna stranica","item":"https:\/\/www.plastform.hr\/de\/"},{"@type":"ListItem","position":2,"name":"Nachrichten"}]},{"@type":"WebSite","@id":"https:\/\/www.plastform.hr\/de\/#website","url":"https:\/\/www.plastform.hr\/de\/","name":"PLASTFORM d.o.o.","description":"Poduze\u0107e za preradu plasti\u010dnih masa, vanjsku i unutarnju trgovinu i zastupanje stranih tvrtki","publisher":{"@id":"https:\/\/www.plastform.hr\/de\/#organization"},"potentialAction":[{"@type":"SearchAction","target":{"@type":"EntryPoint","urlTemplate":"https:\/\/www.plastform.hr\/de\/?s={search_term_string}"},"query-input":"required name=search_term_string"}],"inLanguage":"de"},{"@type":"Organization","@id":"https:\/\/www.plastform.hr\/de\/#organization","name":"PLASTFORM d.o.o.","url":"https:\/\/www.plastform.hr\/de\/","logo":{"@type":"ImageObject","inLanguage":"de","@id":"https:\/\/www.plastform.hr\/de\/#\/schema\/logo\/image\/","url":"https:\/\/www.plastform.hr\/wp-content\/uploads\/2022\/02\/plastform-logo-png.png","contentUrl":"https:\/\/www.plastform.hr\/wp-content\/uploads\/2022\/02\/plastform-logo-png.png","width":427,"height":76,"caption":"PLASTFORM d.o.o."},"image":{"@id":"https:\/\/www.plastform.hr\/de\/#\/schema\/logo\/image\/"},"sameAs":["https:\/\/www.facebook.com\/plastform.hr\/","https:\/\/www.instagram.com\/plastform_doo\/","https:\/\/www.linkedin.com\/company\/plastform-d-o-o"]}]}},"_links":{"self":[{"href":"https:\/\/www.plastform.hr\/de\/wp-json\/wp\/v2\/pages\/3664","targetHints":{"allow":["GET"]}}],"collection":[{"href":"https:\/\/www.plastform.hr\/de\/wp-json\/wp\/v2\/pages"}],"about":[{"href":"https:\/\/www.plastform.hr\/de\/wp-json\/wp\/v2\/types\/page"}],"author":[{"embeddable":true,"href":"https:\/\/www.plastform.hr\/de\/wp-json\/wp\/v2\/users\/2"}],"replies":[{"embeddable":true,"href":"https:\/\/www.plastform.hr\/de\/wp-json\/wp\/v2\/comments?post=3664"}],"version-history":[{"count":2,"href":"https:\/\/www.plastform.hr\/de\/wp-json\/wp\/v2\/pages\/3664\/revisions"}],"predecessor-version":[{"id":3668,"href":"https:\/\/www.plastform.hr\/de\/wp-json\/wp\/v2\/pages\/3664\/revisions\/3668"}],"wp:attachment":[{"href":"https:\/\/www.plastform.hr\/de\/wp-json\/wp\/v2\/media?parent=3664"}],"curies":[{"name":"wp","href":"https:\/\/api.w.org\/{rel}","templated":true}]}}